{"id":77,"date":"2023-04-28T14:50:04","date_gmt":"2023-04-28T14:50:04","guid":{"rendered":"https:\/\/kaali.saaremaa-top.ee\/kaali\/?page_id=77"},"modified":"2025-02-01T10:39:55","modified_gmt":"2025-02-01T10:39:55","slug":"pulma-paring","status":"publish","type":"page","link":"https:\/\/kaali.saaremaa-top.ee\/kaali\/pulma-paring\/","title":{"rendered":"KAALI trahteri pulma p\u00e4ring"},"content":{"rendered":"\n<div id=\"wp-block-themeisle-blocks-advanced-columns-2c60bc77\" class=\"wp-block-themeisle-blocks-advanced-columns alignfull has-1-columns has-desktop-equal-layout has-tablet-equal-layout has-mobile-collapsedRows-layout has-reverse-columns-mobile has-vertical-center ticss-c00aadba\"><div class=\"wp-block-themeisle-blocks-advanced-columns-overlay\"><\/div><div class=\"innerblocks-wrap\">\n<div id=\"wp-block-themeisle-blocks-advanced-column-75b9263d\" class=\"wp-block-themeisle-blocks-advanced-column\">\n<div class=\"wp-block-columns is-not-stacked-on-mobile has-white-color has-text-color is-layout-flex wp-container-core-columns-is-layout-28f84493 wp-block-columns-is-layout-flex\">\n<div class=\"wp-block-column is-layout-constrained wp-block-column-is-layout-constrained\" style=\"flex-basis:300px\"><div style=\"padding-right:0;padding-left:0;padding-top:0;padding-bottom:0;\" class=\"wp-block-site-logo\"><a href=\"https:\/\/kaali.saaremaa-top.ee\/kaali\/\" class=\"custom-logo-link\" rel=\"home\"><img loading=\"lazy\" decoding=\"async\" width=\"250\" height=\"212\" src=\"https:\/\/kaali.saaremaa-top.ee\/kaali\/wp-content\/uploads\/2023\/09\/KAP-tekstiga-VERT-WHITE-300px.png\" class=\"custom-logo\" alt=\"KAALI\" \/><\/a><\/div><\/div>\n\n\n\n<div class=\"wp-block-column is-vertically-aligned-top has-raft-fg-alt-color has-text-color has-medium-font-size is-layout-flow wp-container-core-column-is-layout-a77db08e wp-block-column-is-layout-flow\" style=\"flex-basis:60%\">\n<div style=\"height:20px\" aria-hidden=\"true\" class=\"wp-block-spacer\"><\/div>\n\n\n<nav class=\"is-responsive items-justified-right wp-block-navigation is-content-justification-right is-layout-flex wp-container-core-navigation-is-layout-d445cf74 wp-block-navigation-is-layout-flex\" aria-label=\"Navigation EST\" \n\t\t data-wp-interactive=\"core\/navigation\" data-wp-context='{\"overlayOpenedBy\":{\"click\":false,\"hover\":false,\"focus\":false},\"type\":\"overlay\",\"roleAttribute\":\"\",\"ariaLabel\":\"Men\\u00fc\\u00fc\"}'><button aria-haspopup=\"dialog\" aria-label=\"Ava men\u00fc\u00fc\" class=\"wp-block-navigation__responsive-container-open\" \n\t\t\t\tdata-wp-on--click=\"actions.openMenuOnClick\"\n\t\t\t\tdata-wp-on--keydown=\"actions.handleMenuKeydown\"\n\t\t\t><svg width=\"24\" height=\"24\" xmlns=\"http:\/\/www.w3.org\/2000\/svg\" viewBox=\"0 0 24 24\"><path d=\"M5 5v1.5h14V5H5z\"><\/path><path d=\"M5 12.8h14v-1.5H5v1.5z\"><\/path><path d=\"M5 19h14v-1.5H5V19z\"><\/path><\/svg><\/button>\n\t\t\t\t<div class=\"wp-block-navigation__responsive-container  has-text-color has-white-color has-background has-custom-color-1-background-color\"  id=\"modal-1\" \n\t\t\t\tdata-wp-class--has-modal-open=\"state.isMenuOpen\"\n\t\t\t\tdata-wp-class--is-menu-open=\"state.isMenuOpen\"\n\t\t\t\tdata-wp-watch=\"callbacks.initMenu\"\n\t\t\t\tdata-wp-on--keydown=\"actions.handleMenuKeydown\"\n\t\t\t\tdata-wp-on--focusout=\"actions.handleMenuFocusout\"\n\t\t\t\ttabindex=\"-1\"\n\t\t\t>\n\t\t\t\t\t<div class=\"wp-block-navigation__responsive-close\" tabindex=\"-1\">\n\t\t\t\t\t\t<div class=\"wp-block-navigation__responsive-dialog\" \n\t\t\t\tdata-wp-bind--aria-modal=\"state.ariaModal\"\n\t\t\t\tdata-wp-bind--aria-label=\"state.ariaLabel\"\n\t\t\t\tdata-wp-bind--role=\"state.roleAttribute\"\n\t\t\t>\n\t\t\t\t\t\t\t<button aria-label=\"Sulge men\u00fc\u00fc\" class=\"wp-block-navigation__responsive-container-close\" \n\t\t\t\tdata-wp-on--click=\"actions.closeMenuOnClick\"\n\t\t\t><svg xmlns=\"http:\/\/www.w3.org\/2000\/svg\" viewBox=\"0 0 24 24\" width=\"24\" height=\"24\" aria-hidden=\"true\" focusable=\"false\"><path d=\"m13.06 12 6.47-6.47-1.06-1.06L12 10.94 5.53 4.47 4.47 5.53 10.94 12l-6.47 6.47 1.06 1.06L12 13.06l6.47 6.47 1.06-1.06L13.06 12Z\"><\/path><\/svg><\/button>\n\t\t\t\t\t\t\t<div class=\"wp-block-navigation__responsive-container-content\" \n\t\t\t\tdata-wp-watch=\"callbacks.focusFirstElement\"\n\t\t\t id=\"modal-1-content\">\n\t\t\t\t\t\t\t\t<ul class=\"wp-block-navigation__container is-responsive items-justified-right wp-block-navigation\"><li class=\"wp-block-navigation-item wp-block-navigation-link wp-container-content-9cfa9a5a\"><a class=\"wp-block-navigation-item__content\"  href=\"https:\/\/kaali.saaremaa-top.ee\/kaali\/kaali-trahter\/\"><span class=\"wp-block-navigation-item__label\">KAALI trahter<\/span><\/a><\/li><li class=\"wp-block-navigation-item wp-block-navigation-link wp-container-content-9cfa9a5a\"><a class=\"wp-block-navigation-item__content\"  href=\"https:\/\/kaali.saaremaa-top.ee\/kaali\/kaali-hotell\/\"><span class=\"wp-block-navigation-item__label\">Hotell<\/span><\/a><\/li><li class=\"wp-block-navigation-item wp-block-navigation-link wp-container-content-9cfa9a5a\"><a class=\"wp-block-navigation-item__content\"  href=\"https:\/\/kaali.saaremaa-top.ee\/kaali\/pulmad\/\"><span class=\"wp-block-navigation-item__label\">Pulmad<\/span><\/a><\/li><li class=\"wp-block-navigation-item wp-block-navigation-link wp-container-content-9cfa9a5a\"><a class=\"wp-block-navigation-item__content\"  href=\"https:\/\/kaali.saaremaa-top.ee\/kaali\/kaali-meteoriidikraater\/\"><span class=\"wp-block-navigation-item__label\">Meteoriitikamuuseum<\/span><\/a><\/li><li class=\"wp-block-navigation-item wp-block-navigation-link wp-container-content-9cfa9a5a\"><a class=\"wp-block-navigation-item__content\"  href=\"https:\/\/kaali.saaremaa-top.ee\/kaali\/meteoriidikraatri-lugu\/\"><span class=\"wp-block-navigation-item__label\">Meist<\/span><\/a><\/li><li class=\"wp-block-navigation-item wp-block-navigation-link wp-container-content-9cfa9a5a\"><a class=\"wp-block-navigation-item__content\"  href=\"https:\/\/kaali.saaremaa-top.ee\/kaali\/kaali-pildigalerii\/\"><span class=\"wp-block-navigation-item__label\">Galerii<\/span><\/a><\/li><\/ul>\n\t\t\t\t\t\t\t<\/div>\n\t\t\t\t\t\t<\/div>\n\t\t\t\t\t<\/div>\n\t\t\t\t<\/div><\/nav><\/div>\n\n\n\n<div class=\"wp-block-column has-white-color has-text-color is-content-justification-right is-layout-constrained wp-container-core-column-is-layout-f1f2ed93 wp-block-column-is-layout-constrained\" style=\"flex-basis:80px\">\n<p class=\"has-text-align-right has-white-color has-text-color has-normal-font-size\" style=\"padding-top:var(--wp--preset--spacing--40);padding-bottom:0\"> <a href=\"https:\/\/kaali.saaremaa-top.ee\/kaali\/en\/\" data-type=\"page\" data-id=\"684\"><strong>EN<\/strong>   <\/a><strong><a href=\"https:\/\/kaali.saaremaa-top.ee\/kaali\/ru\/\">RU<\/a><\/strong><\/p>\n\n\n\n<div id=\"wp-block-themeisle-blocks-font-awesome-icons-246cb88f\" class=\"wp-block-themeisle-blocks-font-awesome-icons\"><span class=\"wp-block-themeisle-blocks-font-awesome-icons-container\"><a href=\"https:\/\/www.facebook.com\/kaalitrahter\" target=\"_blank\" rel=\"noopener noreferrer\"><i class=\"fab fa-facebook\"><\/i><\/a><\/span><\/div>\n<\/div>\n<\/div>\n\n\n\n<div style=\"height:10px\" aria-hidden=\"true\" class=\"wp-block-spacer\"><\/div>\n\n\n\n<h1 id=\"wp-block-themeisle-blocks-advanced-heading-5d5675df\" class=\"wp-block-themeisle-blocks-advanced-heading wp-block-themeisle-blocks-advanced-heading-5d5675df\">V\u00f5ta aega Kaali meteoori kodus Saaremaal<\/h1>\n<\/div>\n<\/div><\/div>\n\n\n\n<div style=\"height:20px\" aria-hidden=\"true\" class=\"wp-block-spacer\"><\/div>\n\n\n<h2 style=\"padding-right:0;padding-left:0;\" class=\"has-text-align-center wp-block-post-title\">KAALI trahteri pulma p\u00e4ring<\/h2>\n\n\n<h2 class=\"wp-block-heading\">Pulmapidu KAALI trahteris<\/h2>\n\n\n\n<div style=\"height:30px\" aria-hidden=\"true\" class=\"wp-block-spacer\"><\/div>\n\n\n\n<p><em>Vanaemade uskumuse j\u00e4rgi on Kaalil maagiline armastuse v\u00e4gi: kui \u00fcmber kraatri jalutada, saab sinu saatjaks \u00f5nn. Arvatavasti on see t\u00f5si, sest need paarid, kes on k\u00e4sik\u00e4es \u00fcmber Kaali j\u00e4rve jalutamas k\u00e4inud ja meid sellest teavitanud, on seni \u00f5nnelikult koos.<\/em><\/p>\n\n\n\n<p>KAALI trahteri avar sammassaal on hinnatud koht pulmapidude korraldamiseks. Soovi korral aitame leida ka <strong>Saaremaa stiilseima pulmakorraldaj<\/strong>a. Lisaks pulmapeole saab meie juures ka&nbsp;<strong>abielu registreerida<\/strong>&nbsp;\u2013 selleks sobib nii m\u00fcstilise Kaali meteoriidikraatri n\u00f5lv iidsete tammepuude all kui ka meteoriitikamuuseumi hoone. <\/p>\n\n\n\n<p><strong>Ootame teie pulmap\u00e4ringut alloleva vormi kaudu<\/strong>. Seej\u00e4rel lepime kokku \u00fchise aja peopaiga \u00fcle vaatamiseks ja tellimuse detailide t\u00e4psustamiseks.<\/p>\n\n\n\n<p><strong>Lisainfo<\/strong>: tel +372 5373 1818\u00a0<a href=\"mailto:info@kaalitrahter.ee\">info@kaalitrahter.ee<\/a><\/p>\n\n\n\n<div style=\"height:30px\" aria-hidden=\"true\" class=\"wp-block-spacer\"><\/div>\n\n\n\n<div class=\"wp-block-columns has-raft-bg-alt-background-color has-background is-layout-flex wp-container-core-columns-is-layout-28f84493 wp-block-columns-is-layout-flex\">\n<div class=\"wp-block-column is-layout-flow wp-block-column-is-layout-flow\"><div class='fluentform ff-default fluentform_wrapper_4  ff_guten_block ff_guten_block-4 ffs_default_wrap'><form data-form_id=\"4\" id=\"fluentform_4\" class=\"frm-fluent-form fluent_form_4 ff-el-form-top ff_form_instance_4_1 ff-form-loading ff_has_v3_recptcha ffs_default\" data-form_instance=\"ff_form_instance_4_1\" method=\"POST\" data-recptcha_key=\"6LdP0K0rAAAAAG-B6dwWIgMogj6Ca4Gv6TN7Gedo\" ><fieldset  style=\"border: none!important;margin: 0!important;padding: 0!important;background-color: transparent!important;box-shadow: none!important;outline: none!important; min-inline-size: 100%;\">\n                    <legend class=\"ff_screen_reader_title\" style=\"display: block; margin: 0!important;padding: 0!important;height: 0!important;text-indent: -999999px;width: 0!important;overflow:hidden;\">Pulma p\u00e4ringu vorm (#4)<\/legend>        <div\n                style=\"display: none!important; position: absolute!important; transform: translateX(1000%)!important;\"\n                class=\"ff-el-group ff-hpsf-container\"\n        >\n            <div class=\"ff-el-input--label asterisk-right\">\n                <label for=\"ff_4_item_sf\" aria-label=\"Subscribe\">\n                    Subscribe                <\/label>\n            <\/div>\n            <div class=\"ff-el-input--content\">\n                <input type=\"text\"\n                       name=\"item_4__fluent_sf\"\n                       class=\"ff-el-form-control\"\n                       id=\"ff_4_item_sf\"\n                \/>\n            <\/div>\n        <\/div>\n                <input type=\"hidden\" id=\"__fluent_protection_token_4\" class=\"fluent-form-token-field\" name=\"__fluent_protection_token_4\">\n        <input type='hidden' name='__fluent_form_embded_post_id' value='77' \/><input type=\"hidden\" id=\"_fluentform_4_fluentformnonce\" name=\"_fluentform_4_fluentformnonce\" value=\"b23b8a18c7\" \/><input type=\"hidden\" name=\"_wp_http_referer\" value=\"\/kaali\/wp-json\/wp\/v2\/pages\/77\" \/><div class='ff-el-group  ff-custom_html' tabindex='-1' data-name=\"custom_html-4_1\" ><p><strong>PULMAPEO P\u00c4RING<\/strong><\/p><\/div><div data-name=\"ff_cn_id_1\"  class='ff-t-container ff-column-container ff_columns_total_2 '><div class='ff-t-cell ff-t-column-1' style='flex-basis: 50%;'><div class='ff-el-group'><div class=\"ff-el-input--label ff-el-is-required asterisk-right\"><label for='ff_4_input_text' id='label_ff_4_input_text' aria-label=\"Nimi:\">Nimi:<\/label><\/div><div class='ff-el-input--content'><input type=\"text\" name=\"input_text\" class=\"ff-el-form-control\" data-name=\"input_text\" id=\"ff_4_input_text\"  aria-invalid=\"false\" aria-required=true><\/div><\/div><div class='ff-el-group'><div class=\"ff-el-input--label ff-el-is-required asterisk-right\"><label for='ff_4_input_text_6' id='label_ff_4_input_text_6' aria-label=\"Telefon:\">Telefon:<\/label><\/div><div class='ff-el-input--content'><input type=\"text\" name=\"input_text_6\" class=\"ff-el-form-control\" data-name=\"input_text_6\" id=\"ff_4_input_text_6\"  aria-invalid=\"false\" aria-required=true><\/div><\/div><\/div><div class='ff-t-cell ff-t-column-2' style='flex-basis: 50%;'><div class='ff-el-group'><div class=\"ff-el-input--label ff-el-is-required asterisk-right\"><label for='ff_4_email' id='label_ff_4_email' aria-label=\"E-post:\">E-post:<\/label><\/div><div class='ff-el-input--content'><input type=\"email\" name=\"email\" id=\"ff_4_email\" class=\"ff-el-form-control\" placeholder=\"@\" data-name=\"email\"  aria-invalid=\"false\" aria-required=true><\/div><\/div><\/div><\/div><div data-name=\"ff_cn_id_2\"  class='ff-t-container ff-column-container ff_columns_total_2 '><div class='ff-t-cell ff-t-column-1' style='flex-basis: 50%;'><div class='ff-el-group'><div class=\"ff-el-input--label ff-el-is-required asterisk-right\"><label for='ff_4_datetime' id='label_ff_4_datetime' aria-label=\"Pulma toimumise kuup\u00e4ev:\">Pulma toimumise kuup\u00e4ev:<\/label><\/div><div class='ff-el-input--content'><input  aria-label='Pulma toimumise kuup\u00e4ev: Use arrow keys to navigate dates. Press enter to select a date.'  aria-haspopup='dialog' data-type-datepicker data-format='d\/m\/Y' type=\"text\" name=\"datetime\" id=\"ff_4_datetime\" class=\"ff-el-form-control ff-el-datepicker\" data-name=\"datetime\"  aria-invalid='false' aria-required=true><\/div><\/div><div class='ff-el-group'><div class=\"ff-el-input--label ff-el-is-required asterisk-right\"><label for='ff_4_input_text_3' id='label_ff_4_input_text_3' aria-label=\"Osalejate arvu prognoos:\">Osalejate arvu prognoos:<\/label><\/div><div class='ff-el-input--content'><input type=\"text\" name=\"input_text_3\" class=\"ff-el-form-control\" data-name=\"input_text_3\" id=\"ff_4_input_text_3\"  aria-invalid=\"false\" aria-required=true><\/div><\/div><\/div><div class='ff-t-cell ff-t-column-2' style='flex-basis: 50%;'><div class='ff-el-group  ff-custom_html' tabindex='-1' data-name=\"custom_html-4_2\" ><p>Juhime t\u00e4helepanu, et saali dekoreerimise soovitatav aeg on eelneval p\u00e4eval kell 9-20.<\/p><\/div><\/div><\/div><div data-name=\"ff_cn_id_3\"  class='ff-t-container ff-column-container ff_columns_total_2 '><div class='ff-t-cell ff-t-column-1' style='flex-basis: 50%;'><div class='ff-el-group'><div class=\"ff-el-input--label asterisk-right\"><label for='ff_4_numeric-field' id='label_ff_4_numeric-field' aria-label=\"Seal hulgas lapsi:\">Seal hulgas lapsi:<\/label><\/div><div class='ff-el-input--content'><input type=\"number\" name=\"numeric-field\" id=\"ff_4_numeric-field\" class=\"ff-el-form-control\" data-name=\"numeric-field\" inputmode=\"numeric\" step=\"any\"  aria-invalid=\"false\" aria-required=false><\/div><\/div><\/div><div class='ff-t-cell ff-t-column-2' style='flex-basis: 50%;'><div class='ff-el-group has-conditions'><div class=\"ff-el-input--label asterisk-right\"><label for='ff_4_input_text_5' id='label_ff_4_input_text_5' aria-label=\"Kas soovite lastele ka eraldi lauda?\">Kas soovite lastele ka eraldi lauda?<\/label><\/div><div class='ff-el-input--content'><input type=\"text\" name=\"input_text_5\" class=\"ff-el-form-control\" data-name=\"input_text_5\" id=\"ff_4_input_text_5\"  aria-invalid=\"false\" aria-required=false><\/div><\/div><\/div><\/div><div class='ff-el-group'><div class=\"ff-el-input--label asterisk-right\"><label   aria-label=\"Oleme huvitatud:\">Oleme huvitatud:<\/label><\/div><div class='ff-el-input--content'><div class='ff-el-form-check ff-el-form-check- ff_item_selected'><label class='ff-el-form-check-label' for='checkbox_08d767a00c4398902f24c70c27f57fbc'><input  type=\"checkbox\" name=\"checkbox[]\" data-name=\"checkbox\" class=\"ff-el-form-check-input ff-el-form-check-checkbox\" checked=\"1\" value=\"Pulmapidu KAALI trahteri sammassaalis\"  id='checkbox_08d767a00c4398902f24c70c27f57fbc' aria-label='Pulmapidu KAALI trahteri sammassaalis' aria-invalid='false' aria-required=false> <span>Pulmapidu KAALI trahteri sammassaalis<\/span><\/label><\/div><div class='ff-el-form-check ff-el-form-check-'><label class='ff-el-form-check-label' for='checkbox_9aceef8173ed79ca617f89c4dc079eb0'><input  type=\"checkbox\" name=\"checkbox[]\" data-name=\"checkbox\" class=\"ff-el-form-check-input ff-el-form-check-checkbox\" value=\"Abielu registreerimine Kaali meteoriidikraatri serval\"  id='checkbox_9aceef8173ed79ca617f89c4dc079eb0' aria-label='Abielu registreerimine Kaali meteoriidikraatri serval' aria-invalid='false' aria-required=false> <span>Abielu registreerimine Kaali meteoriidikraatri serval<\/span><\/label><\/div><div class='ff-el-form-check ff-el-form-check-'><label class='ff-el-form-check-label' for='checkbox_b4024c80d99df844e19f8536ad578c72'><input  type=\"checkbox\" name=\"checkbox[]\" data-name=\"checkbox\" class=\"ff-el-form-check-input ff-el-form-check-checkbox\" value=\"Abielu registreerimine KAALI meteoriitika-muuseumi hoones\"  id='checkbox_b4024c80d99df844e19f8536ad578c72' aria-label='Abielu registreerimine KAALI meteoriitika-muuseumi hoones' aria-invalid='false' aria-required=false> <span>Abielu registreerimine KAALI meteoriitika-muuseumi hoones<\/span><\/label><\/div><div class='ff-el-form-check ff-el-form-check-'><label class='ff-el-form-check-label' for='checkbox_903574ce2b0a796ffa5817c0437804b1'><input  type=\"checkbox\" name=\"checkbox[]\" data-name=\"checkbox\" class=\"ff-el-form-check-input ff-el-form-check-checkbox\" value=\"Pulmatort\"  id='checkbox_903574ce2b0a796ffa5817c0437804b1' aria-label='Pulmatort' aria-invalid='false' aria-required=false> <span>Pulmatort<\/span><\/label><\/div><div class='ff-el-form-check ff-el-form-check-'><label class='ff-el-form-check-label' for='checkbox_835432daa83242ecbbf19a2cd5c39f90'><input  type=\"checkbox\" name=\"checkbox[]\" data-name=\"checkbox\" class=\"ff-el-form-check-input ff-el-form-check-checkbox\" value=\"Kodu\u00f5lu vaadist\"  id='checkbox_835432daa83242ecbbf19a2cd5c39f90' aria-label='Kodu\u00f5lu vaadist' aria-invalid='false' aria-required=false> <span>Kodu\u00f5lu vaadist<\/span><\/label><\/div><div class='ff-el-form-check ff-el-form-check-'><label class='ff-el-form-check-label' for='checkbox_b18d625de27dde0be7902b0efa9a0c8f'><input  type=\"checkbox\" name=\"checkbox[]\" data-name=\"checkbox\" class=\"ff-el-form-check-input ff-el-form-check-checkbox\" value=\"Muu\"  id='checkbox_b18d625de27dde0be7902b0efa9a0c8f' aria-label='Muu' aria-invalid='false' aria-required=false> <span>Muu<\/span><\/label><\/div><\/div><\/div><div class='ff-el-group has-conditions'><div class=\"ff-el-input--label asterisk-right\"><label for='ff_4_description_1' id='label_ff_4_description_1' aria-label=\"Veel lisam\u00f5tteid?\">Veel lisam\u00f5tteid?<\/label><\/div><div class='ff-el-input--content'><textarea aria-required=\"false\" aria-labelledby=\"label_ff_4_description_1\" name=\"description_1\" id=\"ff_4_description_1\" class=\"ff-el-form-control\" rows=\"3\" cols=\"2\" data-name=\"description_1\" ><\/textarea><\/div><\/div><div class='ff-el-group'><div class=\"ff-el-input--label asterisk-right\"><label   aria-label=\"Kas soovite ka majutust?\">Kas soovite ka majutust? <\/label><\/div><div class='ff-el-input--content'><div class='ff-el-form-check ff-el-form-check-'><label class='ff-el-form-check-label' for='input_radio_53c4d4e1fd54384abfb17b588f9e3772'><input  type=\"radio\" name=\"input_radio\" data-name=\"input_radio\" class=\"ff-el-form-check-input ff-el-form-check-radio\" value=\"Jah\"  id='input_radio_53c4d4e1fd54384abfb17b588f9e3772' aria-label='Jah' aria-invalid='false' aria-required=false> <span>Jah<\/span><\/label><\/div><div class='ff-el-form-check ff-el-form-check-'><label class='ff-el-form-check-label' for='input_radio_7791352ae78318fe11e1101e61de25ea'><input  type=\"radio\" name=\"input_radio\" data-name=\"input_radio\" class=\"ff-el-form-check-input ff-el-form-check-radio\" value=\"Ei\"  id='input_radio_7791352ae78318fe11e1101e61de25ea' aria-label='Ei' aria-invalid='false' aria-required=false> <span>Ei<\/span><\/label><\/div><\/div><\/div><div class='ff-el-group has-conditions'><div class=\"ff-el-input--label ff-el-is-required asterisk-right\"><label for='ff_4_input_text_7' id='label_ff_4_input_text_7' aria-label=\"Mitu tuba majutuseks vajate?\">Mitu tuba majutuseks vajate?<\/label><\/div><div class='ff-el-input--content'><input type=\"text\" name=\"input_text_7\" class=\"ff-el-form-control\" data-name=\"input_text_7\" id=\"ff_4_input_text_7\"  aria-invalid=\"false\" aria-required=true><\/div><\/div><div class='ff-el-group  ff-custom_html has-conditions' tabindex='-1' data-name=\"custom_html-4_3\" ><p><strong>KAALI hotellis on 10 du\u0161iruumiga tuba:<\/strong><br \/>\u2013 8 kahekohalist tuba 67 \u20ac\/\u00f6\u00f6\/tuba (5 toas v\u00f5imalus lisavoodiks)<br \/>\u2013 1 \u00fchekohaline tuba 45 \u20ac\/\u00f6\u00f6\/tuba<br \/>\u2013 1 sviit 75 \u20ac\/\u00f6\u00f6\/tuba (diivanil v\u00f5imalus lisakohale \u00fchele t\u00e4iskasvanule v\u00f5i kahele lapsele)<\/p>\n<p><strong>Lapsed:<\/strong>\u00a0kuni 6 aastaste laste majutumine vanemate toas tasuta.<\/p>\n<p>NB! Tubades on suitsetamine keelatud.<br \/>Lemmikloomad ei ole lubatud.<\/p><\/div><div class='ff-el-group'><div class=\"ff-el-input--label asterisk-right\"><label for='ff_4_description' id='label_ff_4_description' aria-label=\"Lisainfo\">Lisainfo<\/label><\/div><div class='ff-el-input--content'><textarea aria-required=\"false\" aria-labelledby=\"label_ff_4_description\" name=\"description\" id=\"ff_4_description\" class=\"ff-el-form-control\" rows=\"2\" cols=\"2\" data-name=\"description\" ><\/textarea><\/div><\/div><div class='ff-el-group ff-text-left ff_submit_btn_wrapper'><button type=\"submit\" class=\"ff-btn ff-btn-submit ff-btn-md ff_btn_style wpf_has_custom_css\"  aria-label=\"Saadan p\u00e4ringu\">Saadan p\u00e4ringu<\/button><\/div><\/fieldset><\/form><div id='fluentform_4_errors' class='ff-errors-in-stack ff_form_instance_4_1 ff-form-loading_errors ff_form_instance_4_1_errors'><\/div><\/div>            <script type=\"text\/javascript\">\n                window.fluent_form_ff_form_instance_4_1 = {\"id\":\"4\",\"ajaxUrl\":\"https:\\\/\\\/kaali.saaremaa-top.ee\\\/kaali\\\/wp-admin\\\/admin-ajax.php\",\"settings\":{\"layout\":{\"labelPlacement\":\"top\",\"helpMessagePlacement\":\"with_label\",\"errorMessagePlacement\":\"inline\",\"cssClassName\":\"\",\"asteriskPlacement\":\"asterisk-right\"},\"restrictions\":{\"denyEmptySubmission\":{\"enabled\":false}}},\"form_instance\":\"ff_form_instance_4_1\",\"form_id_selector\":\"fluentform_4\",\"rules\":{\"input_text\":{\"required\":{\"value\":true,\"message\":\"This field is required\",\"global\":false,\"global_message\":\"This field is required\"}},\"input_text_6\":{\"required\":{\"value\":true,\"message\":\"Palun t\\u00e4itke!\",\"global\":false,\"global_message\":\"This field is required\"}},\"g-recaptcha-response\":[],\"email\":{\"required\":{\"value\":true,\"message\":\"Palun t\\u00e4itke!\",\"global\":false,\"global_message\":\"This field is required\"},\"email\":{\"value\":true,\"message\":\"Palun kontrollige emaili aadressi \\u00f5igsust\",\"global\":false,\"global_message\":\"This field must contain a valid email\"}},\"datetime\":{\"required\":{\"value\":true,\"message\":\"Unustasite?\",\"global\":false,\"global_message\":\"This field is required\"}},\"input_text_3\":{\"required\":{\"value\":true,\"message\":\"Palun andke teada, palju k\\u00fclastajaid planeerite\",\"global\":false,\"global_message\":\"This field is required\"}},\"numeric-field\":{\"required\":{\"value\":false,\"message\":\"This field is required\",\"global\":false,\"global_message\":\"This field is required\"},\"numeric\":{\"value\":true,\"message\":\"This field must contain numeric value\",\"global\":false,\"global_message\":\"This field must contain numeric value\"},\"min\":{\"value\":\"\",\"message\":\"Minimum value is \",\"global\":false,\"global_message\":\"Validation fails for minimum value\"},\"max\":{\"value\":\"\",\"message\":\"Maximum value is \",\"global\":false,\"global_message\":\"Validation fails for maximum value\"},\"digits\":{\"value\":\"\",\"message\":\"The number of digits has to be \",\"global\":false,\"global_message\":\"Validation fails for limited digits\"}},\"input_text_5\":{\"required\":{\"value\":false,\"message\":\"This field is required\",\"global\":false,\"global_message\":\"This field is required\"}},\"checkbox\":{\"required\":{\"value\":false,\"message\":\"This field is required\",\"global\":false,\"global_message\":\"This field is required\"}},\"description_1\":{\"required\":{\"value\":false,\"message\":\"This field is required\",\"global\":false,\"global_message\":\"This field is required\"}},\"input_radio\":{\"required\":{\"value\":false,\"message\":\"This field is required\",\"global\":false,\"global_message\":\"This field is required\"}},\"input_text_7\":{\"required\":{\"value\":true,\"message\":\"Unustasite?\",\"global\":false,\"global_message\":\"This field is required\"}},\"description\":{\"required\":{\"value\":false,\"message\":\"This field is required\",\"global\":false,\"global_message\":\"This field is required\"}}},\"debounce_time\":300,\"conditionals\":{\"input_text_5\":{\"type\":\"any\",\"status\":true,\"conditions\":[{\"field\":\"numeric-field\",\"value\":\"0\",\"operator\":\">\"}]},\"description_1\":{\"type\":\"any\",\"status\":true,\"conditions\":[{\"field\":\"checkbox\",\"value\":\"Muu\",\"operator\":\"=\"}]},\"input_text_7\":{\"type\":\"any\",\"status\":true,\"conditions\":[{\"field\":\"input_radio\",\"value\":\"Jah\",\"operator\":\"=\"}]},\"custom_html-4_3\":{\"type\":\"any\",\"status\":true,\"conditions\":[{\"field\":\"input_radio\",\"value\":\"Jah\",\"operator\":\"=\"}]}}};\n                            <\/script>\n            <\/div>\n<\/div>\n","protected":false},"excerpt":{"rendered":"<p>Pulmapidu KAALI trahteris Vanaemade uskumuse j\u00e4rgi on Kaalil maagiline armastuse v\u00e4gi: kui \u00fcmber kraatri jalutada, saab sinu saatjaks \u00f5nn. Arvatavasti on see t\u00f5si, sest need paarid, kes on k\u00e4sik\u00e4es \u00fcmber Kaali j\u00e4rve jalutamas k\u00e4inud ja meid sellest teavitanud, on seni \u00f5nnelikult koos. KAALI trahteri avar sammassaal on hinnatud koht pulmapidude korraldamiseks. Soovi korral aitame leida [&hellip;]<\/p>\n","protected":false},"author":2,"featured_media":0,"parent":0,"menu_order":0,"comment_status":"closed","ping_status":"closed","template":"","meta":{"_themeisle_gutenberg_block_has_review":false,"footnotes":""},"class_list":["post-77","page","type-page","status-publish","hentry"],"_links":{"self":[{"href":"https:\/\/kaali.saaremaa-top.ee\/kaali\/wp-json\/wp\/v2\/pages\/77","targetHints":{"allow":["GET"]}}],"collection":[{"href":"https:\/\/kaali.saaremaa-top.ee\/kaali\/wp-json\/wp\/v2\/pages"}],"about":[{"href":"https:\/\/kaali.saaremaa-top.ee\/kaali\/wp-json\/wp\/v2\/types\/page"}],"author":[{"embeddable":true,"href":"https:\/\/kaali.saaremaa-top.ee\/kaali\/wp-json\/wp\/v2\/users\/2"}],"replies":[{"embeddable":true,"href":"https:\/\/kaali.saaremaa-top.ee\/kaali\/wp-json\/wp\/v2\/comments?post=77"}],"version-history":[{"count":18,"href":"https:\/\/kaali.saaremaa-top.ee\/kaali\/wp-json\/wp\/v2\/pages\/77\/revisions"}],"predecessor-version":[{"id":1793,"href":"https:\/\/kaali.saaremaa-top.ee\/kaali\/wp-json\/wp\/v2\/pages\/77\/revisions\/1793"}],"wp:attachment":[{"href":"https:\/\/kaali.saaremaa-top.ee\/kaali\/wp-json\/wp\/v2\/media?parent=77"}],"curies":[{"name":"wp","href":"https:\/\/api.w.org\/{rel}","templated":true}]}}