{"id":400,"date":"2023-06-03T14:42:21","date_gmt":"2023-06-03T14:42:21","guid":{"rendered":"https:\/\/kaali.saaremaa-top.ee\/kaali\/?page_id=400"},"modified":"2023-09-10T09:02:38","modified_gmt":"2023-09-10T09:02:38","slug":"kaali-meteoriidikraatri-ajalugu","status":"publish","type":"page","link":"https:\/\/kaali.saaremaa-top.ee\/kaali\/kaali-meteoriidikraatri-ajalugu\/","title":{"rendered":"Kaali meteoriidikraatri ajalugu"},"content":{"rendered":"\n<div id=\"wp-block-themeisle-blocks-advanced-columns-2c60bc77\" class=\"wp-block-themeisle-blocks-advanced-columns alignfull has-1-columns has-desktop-equal-layout has-tablet-equal-layout has-mobile-collapsedRows-layout has-reverse-columns-mobile has-vertical-center ticss-c00aadba\"><div class=\"wp-block-themeisle-blocks-advanced-columns-overlay\"><\/div><div class=\"innerblocks-wrap\">\n<div id=\"wp-block-themeisle-blocks-advanced-column-75b9263d\" class=\"wp-block-themeisle-blocks-advanced-column\">\n<div class=\"wp-block-columns is-not-stacked-on-mobile has-white-color has-text-color is-layout-flex wp-container-core-columns-is-layout-28f84493 wp-block-columns-is-layout-flex\">\n<div class=\"wp-block-column is-layout-constrained wp-block-column-is-layout-constrained\" style=\"flex-basis:300px\"><div style=\"padding-right:0;padding-left:0;padding-top:0;padding-bottom:0;\" class=\"wp-block-site-logo\"><a href=\"https:\/\/kaali.saaremaa-top.ee\/kaali\/\" class=\"custom-logo-link\" rel=\"home\"><img loading=\"lazy\" decoding=\"async\" width=\"250\" height=\"212\" src=\"https:\/\/kaali.saaremaa-top.ee\/kaali\/wp-content\/uploads\/2023\/09\/KAP-tekstiga-VERT-WHITE-300px.png\" class=\"custom-logo\" alt=\"KAALI\" \/><\/a><\/div><\/div>\n\n\n\n<div class=\"wp-block-column is-vertically-aligned-top has-raft-fg-alt-color has-text-color has-medium-font-size is-layout-flow wp-container-core-column-is-layout-a77db08e wp-block-column-is-layout-flow\" style=\"flex-basis:60%\">\n<div style=\"height:20px\" aria-hidden=\"true\" class=\"wp-block-spacer\"><\/div>\n\n\n<nav class=\"is-responsive items-justified-right wp-block-navigation is-content-justification-right is-layout-flex wp-container-core-navigation-is-layout-d445cf74 wp-block-navigation-is-layout-flex\" aria-label=\"Navigation EST\" \n\t\t data-wp-interactive=\"core\/navigation\" data-wp-context='{\"overlayOpenedBy\":{\"click\":false,\"hover\":false,\"focus\":false},\"type\":\"overlay\",\"roleAttribute\":\"\",\"ariaLabel\":\"Men\\u00fc\\u00fc\"}'><button aria-haspopup=\"dialog\" aria-label=\"Ava men\u00fc\u00fc\" class=\"wp-block-navigation__responsive-container-open\" \n\t\t\t\tdata-wp-on--click=\"actions.openMenuOnClick\"\n\t\t\t\tdata-wp-on--keydown=\"actions.handleMenuKeydown\"\n\t\t\t><svg width=\"24\" height=\"24\" xmlns=\"http:\/\/www.w3.org\/2000\/svg\" viewBox=\"0 0 24 24\"><path d=\"M5 5v1.5h14V5H5z\"><\/path><path d=\"M5 12.8h14v-1.5H5v1.5z\"><\/path><path d=\"M5 19h14v-1.5H5V19z\"><\/path><\/svg><\/button>\n\t\t\t\t<div class=\"wp-block-navigation__responsive-container  has-text-color has-white-color has-background has-custom-color-1-background-color\"  id=\"modal-1\" \n\t\t\t\tdata-wp-class--has-modal-open=\"state.isMenuOpen\"\n\t\t\t\tdata-wp-class--is-menu-open=\"state.isMenuOpen\"\n\t\t\t\tdata-wp-watch=\"callbacks.initMenu\"\n\t\t\t\tdata-wp-on--keydown=\"actions.handleMenuKeydown\"\n\t\t\t\tdata-wp-on--focusout=\"actions.handleMenuFocusout\"\n\t\t\t\ttabindex=\"-1\"\n\t\t\t>\n\t\t\t\t\t<div class=\"wp-block-navigation__responsive-close\" tabindex=\"-1\">\n\t\t\t\t\t\t<div class=\"wp-block-navigation__responsive-dialog\" \n\t\t\t\tdata-wp-bind--aria-modal=\"state.ariaModal\"\n\t\t\t\tdata-wp-bind--aria-label=\"state.ariaLabel\"\n\t\t\t\tdata-wp-bind--role=\"state.roleAttribute\"\n\t\t\t>\n\t\t\t\t\t\t\t<button aria-label=\"Sulge men\u00fc\u00fc\" class=\"wp-block-navigation__responsive-container-close\" \n\t\t\t\tdata-wp-on--click=\"actions.closeMenuOnClick\"\n\t\t\t><svg xmlns=\"http:\/\/www.w3.org\/2000\/svg\" viewBox=\"0 0 24 24\" width=\"24\" height=\"24\" aria-hidden=\"true\" focusable=\"false\"><path d=\"m13.06 12 6.47-6.47-1.06-1.06L12 10.94 5.53 4.47 4.47 5.53 10.94 12l-6.47 6.47 1.06 1.06L12 13.06l6.47 6.47 1.06-1.06L13.06 12Z\"><\/path><\/svg><\/button>\n\t\t\t\t\t\t\t<div class=\"wp-block-navigation__responsive-container-content\" \n\t\t\t\tdata-wp-watch=\"callbacks.focusFirstElement\"\n\t\t\t id=\"modal-1-content\">\n\t\t\t\t\t\t\t\t<ul class=\"wp-block-navigation__container is-responsive items-justified-right wp-block-navigation\"><li class=\"wp-block-navigation-item wp-block-navigation-link wp-container-content-9cfa9a5a\"><a class=\"wp-block-navigation-item__content\"  href=\"https:\/\/kaali.saaremaa-top.ee\/kaali\/kaali-trahter\/\"><span class=\"wp-block-navigation-item__label\">KAALI trahter<\/span><\/a><\/li><li class=\"wp-block-navigation-item wp-block-navigation-link wp-container-content-9cfa9a5a\"><a class=\"wp-block-navigation-item__content\"  href=\"https:\/\/kaali.saaremaa-top.ee\/kaali\/kaali-hotell\/\"><span class=\"wp-block-navigation-item__label\">Hotell<\/span><\/a><\/li><li class=\"wp-block-navigation-item wp-block-navigation-link wp-container-content-9cfa9a5a\"><a class=\"wp-block-navigation-item__content\"  href=\"https:\/\/kaali.saaremaa-top.ee\/kaali\/pulmad\/\"><span class=\"wp-block-navigation-item__label\">Pulmad<\/span><\/a><\/li><li class=\"wp-block-navigation-item wp-block-navigation-link wp-container-content-9cfa9a5a\"><a class=\"wp-block-navigation-item__content\"  href=\"https:\/\/kaali.saaremaa-top.ee\/kaali\/kaali-meteoriidikraater\/\"><span class=\"wp-block-navigation-item__label\">Meteoriitikamuuseum<\/span><\/a><\/li><li class=\"wp-block-navigation-item wp-block-navigation-link wp-container-content-9cfa9a5a\"><a class=\"wp-block-navigation-item__content\"  href=\"https:\/\/kaali.saaremaa-top.ee\/kaali\/meteoriidikraatri-lugu\/\"><span class=\"wp-block-navigation-item__label\">Meist<\/span><\/a><\/li><li class=\"wp-block-navigation-item wp-block-navigation-link wp-container-content-9cfa9a5a\"><a class=\"wp-block-navigation-item__content\"  href=\"https:\/\/kaali.saaremaa-top.ee\/kaali\/kaali-pildigalerii\/\"><span class=\"wp-block-navigation-item__label\">Galerii<\/span><\/a><\/li><\/ul>\n\t\t\t\t\t\t\t<\/div>\n\t\t\t\t\t\t<\/div>\n\t\t\t\t\t<\/div>\n\t\t\t\t<\/div><\/nav><\/div>\n\n\n\n<div class=\"wp-block-column has-white-color has-text-color is-content-justification-right is-layout-constrained wp-container-core-column-is-layout-f1f2ed93 wp-block-column-is-layout-constrained\" style=\"flex-basis:80px\">\n<p class=\"has-text-align-right has-white-color has-text-color has-normal-font-size\" style=\"padding-top:var(--wp--preset--spacing--40);padding-bottom:0\"> <a href=\"https:\/\/kaali.saaremaa-top.ee\/kaali\/en\/\" data-type=\"page\" data-id=\"684\"><strong>EN<\/strong>   <\/a><strong><a href=\"https:\/\/kaali.saaremaa-top.ee\/kaali\/ru\/\">RU<\/a><\/strong><\/p>\n\n\n\n<div id=\"wp-block-themeisle-blocks-font-awesome-icons-246cb88f\" class=\"wp-block-themeisle-blocks-font-awesome-icons\"><span class=\"wp-block-themeisle-blocks-font-awesome-icons-container\"><a href=\"https:\/\/www.facebook.com\/kaalitrahter\" target=\"_blank\" rel=\"noopener noreferrer\"><i class=\"fab fa-facebook\"><\/i><\/a><\/span><\/div>\n<\/div>\n<\/div>\n\n\n\n<div style=\"height:10px\" aria-hidden=\"true\" class=\"wp-block-spacer\"><\/div>\n\n\n\n<h1 id=\"wp-block-themeisle-blocks-advanced-heading-5d5675df\" class=\"wp-block-themeisle-blocks-advanced-heading wp-block-themeisle-blocks-advanced-heading-5d5675df\">V\u00f5ta aega Kaali meteoori kodus Saaremaal<\/h1>\n<\/div>\n<\/div><\/div>\n\n\n\n<div style=\"height:20px\" aria-hidden=\"true\" class=\"wp-block-spacer\"><\/div>\n\n\n<h2 style=\"padding-right:0;padding-left:0;\" class=\"has-text-align-center wp-block-post-title\">Kaali meteoriidikraatri ajalugu<\/h2>\n\n\n<div style=\"height:20px\" aria-hidden=\"true\" class=\"wp-block-spacer\"><\/div>\n\n\n\n<div class=\"wp-block-group alignwide is-layout-constrained wp-block-group-is-layout-constrained\">\n<div class=\"wp-block-media-text alignwide has-media-on-the-right is-stacked-on-mobile is-vertically-aligned-center has-background\" style=\"background-color:#f1f5c7\"><div class=\"wp-block-media-text__content\">\n<div class=\"wp-block-group is-layout-flow wp-block-group-is-layout-flow\" style=\"padding-top:2em;padding-right:2em;padding-bottom:2em;padding-left:2em\">\n<p class=\"has-medium-font-size\"><strong>Esimene teaduslikult t\u00f5estatud meteoriidikraater Euroopas<\/strong><\/p>\n\n\n\n<p class=\"has-extra-small-font-size\">Kas teadsid, et esimesed teaduslikult t\u00f5estatud meteoriidikraatrid Euroopas asuvad Eestis? Siin on meteoriidikraatreid pindala\u00fchiku kohta u 400 korda rohkem kui Maal keskmiselt. Saaremaal asub Eesti suurim loodusharuldus Kaali kraater, mille meteoriitne p\u00e4ritolu t\u00f5estati esimesena Euroopas ja teisena maailmas, USA-s asuvate Arizona kraatrite j\u00e4rel. Ja et tegelikult on Kaalis lausa 9 meteoriidikraatrit?<\/p>\n<\/div>\n<\/div><figure class=\"wp-block-media-text__media\"><img loading=\"lazy\" decoding=\"async\" width=\"750\" height=\"500\" src=\"https:\/\/kaali.saaremaa-top.ee\/kaali\/wp-content\/uploads\/2023\/06\/750x500px_kaali-kraater-7.jpg\" alt=\"\" class=\"wp-image-410 size-full\" srcset=\"https:\/\/kaali.saaremaa-top.ee\/kaali\/wp-content\/uploads\/2023\/06\/750x500px_kaali-kraater-7.jpg 750w, https:\/\/kaali.saaremaa-top.ee\/kaali\/wp-content\/uploads\/2023\/06\/750x500px_kaali-kraater-7-300x200.jpg 300w\" sizes=\"auto, (max-width: 750px) 100vw, 750px\" \/><\/figure><\/div>\n\n\n\n<div class=\"wp-block-media-text alignwide is-stacked-on-mobile is-vertically-aligned-center has-background\" style=\"background-color:#fffdea\"><figure class=\"wp-block-media-text__media\"><img loading=\"lazy\" decoding=\"async\" width=\"750\" height=\"500\" src=\"https:\/\/kaali.saaremaa-top.ee\/kaali\/wp-content\/uploads\/2023\/06\/750x500px_kaali-kraater-3.jpg\" alt=\"\" class=\"wp-image-407 size-full\" srcset=\"https:\/\/kaali.saaremaa-top.ee\/kaali\/wp-content\/uploads\/2023\/06\/750x500px_kaali-kraater-3.jpg 750w, https:\/\/kaali.saaremaa-top.ee\/kaali\/wp-content\/uploads\/2023\/06\/750x500px_kaali-kraater-3-300x200.jpg 300w\" sizes=\"auto, (max-width: 750px) 100vw, 750px\" \/><\/figure><div class=\"wp-block-media-text__content\">\n<div class=\"wp-block-group is-layout-flow wp-block-group-is-layout-flow\" style=\"padding-top:2em;padding-right:2em;padding-bottom:2em;padding-left:2em\">\n<p class=\"has-medium-font-size\"><strong>7500-7600 aastat tagasi<\/strong><\/p>\n\n\n\n<p class=\"has-extra-small-font-size\">Kaali meteoriidi kukkumise umbkaudne aeg on 7500-7600 aastat tagasi. Meteoriidi langemine juba asustatud Saaremaale p\u00f5hjustas suuri purustusi ning seda on v\u00f5rreldud v\u00e4ikese tuumapommi plahvatusega. 5-10 km k\u00f5rgusel meteoriit lagunes ja sadas maapinnale t\u00fckkidena, millest suurim tekitas 110 m l\u00e4bim\u00f5\u00f5duga 22 m s\u00fcgavuse kraatri ning lisaks 8 v\u00e4iksemat kraatrit.<\/p>\n<\/div>\n<\/div><\/div>\n\n\n\n<div class=\"wp-block-media-text alignwide has-media-on-the-right is-stacked-on-mobile is-vertically-aligned-center has-background\" style=\"background-color:#f1f5c7\"><div class=\"wp-block-media-text__content\">\n<div class=\"wp-block-group is-layout-flow wp-block-group-is-layout-flow\" style=\"padding-top:2em;padding-right:2em;padding-bottom:2em;padding-left:2em\">\n<p class=\"has-medium-font-size\"><strong>Muinasajast 20.sajandini<\/strong><\/p>\n\n\n\n<p>Kaali kraater oli muistsetele inimestele p\u00fcha kultuskoht, mida \u00fcmbritses 3 meetri laiune kiviaed. Aia \u00e4\u00e4rest leitud koduloomade rohked luud viitavad, et tegemist oli ohvripaigaga. <\/p>\n\n\n\n<p>Aastatel 1827-1928 oli kraatrite tekke kohta mitmeid arvamusi, mh selgitati kraatri kujunemist &#8220;maa-aluse tule plahvatusega\u201c. 1854. a arvati, et tegemist on muistse linnusega, kus looduslikku j\u00e4rve \u00fcmbritses inimeste poolt kuhjatud vall.<\/p>\n\n\n\n<p>M\u00e4einsener I. Reinwald t\u00f5estas 1937. a Kaali kraatrite meteoriitse p\u00e4ritolu. Leitud rauakildude anal\u00fc\u00fcs n\u00e4itas, et meteoriit esindab k\u00f5ige levinumat raudmeteoriidi t\u00fc\u00fcpi \u2013 j\u00e4medastruktuurilist oktaedriiti.<\/p>\n<\/div>\n<\/div><figure class=\"wp-block-media-text__media\"><img loading=\"lazy\" decoding=\"async\" width=\"823\" height=\"643\" src=\"https:\/\/kaali.saaremaa-top.ee\/kaali\/wp-content\/uploads\/2023\/06\/kraater-muinasaegne-vall.png\" alt=\"\" class=\"wp-image-437 size-full\" srcset=\"https:\/\/kaali.saaremaa-top.ee\/kaali\/wp-content\/uploads\/2023\/06\/kraater-muinasaegne-vall.png 823w, https:\/\/kaali.saaremaa-top.ee\/kaali\/wp-content\/uploads\/2023\/06\/kraater-muinasaegne-vall-300x234.png 300w, https:\/\/kaali.saaremaa-top.ee\/kaali\/wp-content\/uploads\/2023\/06\/kraater-muinasaegne-vall-768x600.png 768w\" sizes=\"auto, (max-width: 823px) 100vw, 823px\" \/><\/figure><\/div>\n\n\n\n<div class=\"wp-block-media-text alignwide is-stacked-on-mobile is-vertically-aligned-center has-background\" style=\"background-color:#fffdea\"><figure class=\"wp-block-media-text__media\"><img loading=\"lazy\" decoding=\"async\" width=\"750\" height=\"500\" src=\"https:\/\/kaali.saaremaa-top.ee\/kaali\/wp-content\/uploads\/2023\/06\/750x500-kaali-Jyri-plado-kraater.jpg\" alt=\"\" class=\"wp-image-445 size-full\" srcset=\"https:\/\/kaali.saaremaa-top.ee\/kaali\/wp-content\/uploads\/2023\/06\/750x500-kaali-Jyri-plado-kraater.jpg 750w, https:\/\/kaali.saaremaa-top.ee\/kaali\/wp-content\/uploads\/2023\/06\/750x500-kaali-Jyri-plado-kraater-300x200.jpg 300w\" sizes=\"auto, (max-width: 750px) 100vw, 750px\" \/><\/figure><div class=\"wp-block-media-text__content\">\n<div class=\"wp-block-group is-layout-flow wp-block-group-is-layout-flow\" style=\"padding-top:2em;padding-right:2em;padding-bottom:2em;padding-left:2em\">\n<p class=\"has-medium-font-size\"><strong>Meteoriidi teke<\/strong><\/p>\n\n\n\n<p>Kaali \u00fcmbruse meteoriidikraatrite v\u00e4ljak kujutab endast moreentasandikku, kus savika p\u00f5himoreeni paksus peakraatri l\u00e4heduses on ligikaudu meeter.<\/p>\n\n\n\n<p>Kui meteoriit plahvatab kokkup\u00f5rkel maapinnaga, purustab l\u00f6\u00f6klaine maapinna kivimid ning tekitab plahvatuskraatri, mille servades on kivimid vallina \u00fcles sulanud. Kraatrid tekitanud meteoriidi mass v\u00f5is olla 20-80 tonni ja kiirus p\u00f5rkumise hetkel maapinnaga 10-20 km\/s.<\/p>\n\n\n\n<p>Peakraater on p\u00f5hiplaanilt peaaegu \u00fcmmargune, tema l\u00e4bim\u00f5\u00f5t valliharjalt on 105\u2026110 m, keskmine s\u00fcgavus on 22 m.<\/p>\n<\/div>\n<\/div><\/div>\n\n\n\n<div class=\"wp-block-media-text alignwide has-media-on-the-right is-stacked-on-mobile is-vertically-aligned-center has-background\" style=\"background-color:#f1f5c7\"><div class=\"wp-block-media-text__content\">\n<div class=\"wp-block-group is-layout-flow wp-block-group-is-layout-flow\" style=\"padding-top:2em;padding-right:2em;padding-bottom:2em;padding-left:2em\">\n<p class=\"has-medium-font-size\"><strong>Kaali kraater m\u00fctoloogias<\/strong><\/p>\n\n\n\n<p>Eesti President Lennart Meri peab oma raamatus \u201eH\u00f5bevalge\u201d Kaali katastroofi P\u00f5hjala folkloori epitsenteriks. L\u00e4\u00e4nemeresoome folklooriteoses \u201eKalevala\u201d on t\u00f5epoolest usutav kirjeldus taevase tule langemise kohta.<\/p>\n\n\n\n<p>Vergilius pani 7. sajandil ekr kirja m\u00fc\u00fcdi Kreeka P\u00e4ikese pojast Phaetonist, kes langenud leegitsevate juustega peas nagu t\u00e4ht maha kaugele p\u00f5hjamaale, j\u00e4ttes endast j\u00e4rele v\u00e4ikese j\u00e4rvetaolise s\u00fcgava haua. Seos Kaaliga ei pruugi olla pelgalt ettekujutus, kuna katastroof v\u00f5is m\u00f5ju avaldada v\u00e4ga kaugele.<\/p>\n<\/div>\n<\/div><figure class=\"wp-block-media-text__media\"><img loading=\"lazy\" decoding=\"async\" width=\"750\" height=\"500\" src=\"https:\/\/kaali.saaremaa-top.ee\/kaali\/wp-content\/uploads\/2023\/06\/750x500px_kaali-kraater-Marko-Palm-Visit-Estonia.jpg\" alt=\"\" class=\"wp-image-413 size-full\" srcset=\"https:\/\/kaali.saaremaa-top.ee\/kaali\/wp-content\/uploads\/2023\/06\/750x500px_kaali-kraater-Marko-Palm-Visit-Estonia.jpg 750w, https:\/\/kaali.saaremaa-top.ee\/kaali\/wp-content\/uploads\/2023\/06\/750x500px_kaali-kraater-Marko-Palm-Visit-Estonia-300x200.jpg 300w\" sizes=\"auto, (max-width: 750px) 100vw, 750px\" \/><\/figure><\/div>\n\n\n\n<div class=\"wp-block-media-text alignwide is-stacked-on-mobile is-vertically-aligned-center has-background\" style=\"background-color:#fffdea\"><figure class=\"wp-block-media-text__media\"><a href=\"https:\/\/kaali.saaremaa-top.ee\/kaali\/wp-content\/uploads\/2023\/06\/kraater-ajalugu-1842.png\" target=\"_blank\" rel=\"noreferrer noopener\"><img loading=\"lazy\" decoding=\"async\" width=\"904\" height=\"546\" src=\"https:\/\/kaali.saaremaa-top.ee\/kaali\/wp-content\/uploads\/2023\/06\/kraater-ajalugu-1842.png\" alt=\"\" class=\"wp-image-443 size-full\" srcset=\"https:\/\/kaali.saaremaa-top.ee\/kaali\/wp-content\/uploads\/2023\/06\/kraater-ajalugu-1842.png 904w, https:\/\/kaali.saaremaa-top.ee\/kaali\/wp-content\/uploads\/2023\/06\/kraater-ajalugu-1842-300x181.png 300w, https:\/\/kaali.saaremaa-top.ee\/kaali\/wp-content\/uploads\/2023\/06\/kraater-ajalugu-1842-768x464.png 768w\" sizes=\"auto, (max-width: 904px) 100vw, 904px\" \/><\/a><\/figure><div class=\"wp-block-media-text__content\">\n<div class=\"wp-block-group is-layout-flow wp-block-group-is-layout-flow\" style=\"padding-top:2em;padding-right:2em;padding-bottom:2em;padding-left:2em\">\n<p class=\"has-medium-font-size\"><strong>1842<\/strong><\/p>\n\n\n\n<p>Tartu \u00dclikooli ajalooprofessori F. Kruse tehtud skeem Kaali (Salla) m\u00f5isa \u00f5uest ja peakraatrist (\u201eNecrolivonica\u201c, 1842).<\/p>\n<\/div>\n<\/div><\/div>\n\n\n\n<div class=\"wp-block-media-text alignwide is-stacked-on-mobile is-vertically-aligned-center has-background\" style=\"background-color:#fffdea\"><figure class=\"wp-block-media-text__media\"><a href=\"https:\/\/kaali.saaremaa-top.ee\/kaali\/wp-content\/uploads\/2023\/06\/kraater-ajalugu-lennart-meri.png\" target=\"_blank\" rel=\"noreferrer noopener\"><img loading=\"lazy\" decoding=\"async\" width=\"820\" height=\"531\" src=\"https:\/\/kaali.saaremaa-top.ee\/kaali\/wp-content\/uploads\/2023\/06\/kraater-ajalugu-lennart-meri.png\" alt=\"\" class=\"wp-image-440 size-full\" srcset=\"https:\/\/kaali.saaremaa-top.ee\/kaali\/wp-content\/uploads\/2023\/06\/kraater-ajalugu-lennart-meri.png 820w, https:\/\/kaali.saaremaa-top.ee\/kaali\/wp-content\/uploads\/2023\/06\/kraater-ajalugu-lennart-meri-300x194.png 300w, https:\/\/kaali.saaremaa-top.ee\/kaali\/wp-content\/uploads\/2023\/06\/kraater-ajalugu-lennart-meri-768x497.png 768w\" sizes=\"auto, (max-width: 820px) 100vw, 820px\" \/><\/a><\/figure><div class=\"wp-block-media-text__content\">\n<div class=\"wp-block-group is-layout-flow wp-block-group-is-layout-flow\" style=\"padding-top:2em;padding-right:2em;padding-bottom:2em;padding-left:2em\">\n<p class=\"has-medium-font-size\"><strong>1976<\/strong><\/p>\n\n\n\n<p>Esimesed arheoloogilised kaevamised toimusid Kaalis 1976. aastal arheoloog V. L\u00f5ugase juhtimisel, pildil koos Lennart Meriga (vasakul).<\/p>\n\n\n\n<p>.<\/p>\n<\/div>\n<\/div><\/div>\n\n\n\n<div class=\"wp-block-media-text alignwide has-media-on-the-right is-stacked-on-mobile is-vertically-aligned-center has-background\" style=\"background-color:#f1f5c7\"><div class=\"wp-block-media-text__content\">\n<div class=\"wp-block-group is-layout-flow wp-block-group-is-layout-flow\" style=\"padding-top:2em;padding-right:2em;padding-bottom:2em;padding-left:2em\">\n<p class=\"has-medium-font-size\"><strong>Kaali kraater 21. sajandil<\/strong><\/p>\n\n\n\n<p>20. saj l\u00f5puaastatel seisis Kaali kraater pikalt hooldamata ning kraatri kaldad kasvasid v\u00f5sasse.<\/p>\n\n\n\n<p>2006. aastal v\u00f5ttis kraatri puhastamise k\u00e4sile Kaali trahteri peremees Alver Sagur.  Kraatri kaldad said v\u00f5sast puhtaks ja kraatri p\u00f5hjast veeti v\u00e4lja aastak\u00fcmnetega sinna kogunenud pr\u00fcgi. Kraateri n\u00f5lvale ehitati vaateplatvorm ja alla l\u00e4heb n\u00fc\u00fcd dolomiidist trepp. T\u00e4nap\u00e4eval k\u00fclastavad Kaali kraatrit igal aastal enam kui  100 000 k\u00fclastajat kogu maailmast. K\u00fclastajatele on loodud avar parkla ja tualettruumid. Siin asub ka <a href=\"https:\/\/kaali.saaremaa-top.ee\/kaali\/kaali-trahter\/\"><span style=\"text-decoration: underline;\">KAALI trahter<\/span><\/a> ja <a href=\"https:\/\/kaali.saaremaa-top.ee\/kaali\/kaali-hotell\/\" data-type=\"page\" data-id=\"246\"><span style=\"text-decoration: underline;\">hotell<\/span><\/a> ning avatud on ka <a href=\"https:\/\/kaali.saaremaa-top.ee\/kaali\/kaali-meteoriidikraater\/\"><span style=\"text-decoration: underline;\">meteoriitika<\/span><span style=\"text-decoration: underline;\">&#8211; ja paekivimuuseum<\/span><\/a>.<br><\/p>\n\n\n\n<div class=\"wp-block-buttons is-layout-flex wp-block-buttons-is-layout-flex\">\n<div class=\"wp-block-button\"><a class=\"wp-block-button__link has-custom-color-1-background-color has-background wp-element-button\" href=\"https:\/\/kaali.saaremaa-top.ee\/kaali\/kaali-trahter\/\">Tere tulemast!<\/a><\/div>\n<\/div>\n<\/div>\n<\/div><figure class=\"wp-block-media-text__media\"><a href=\"https:\/\/kaali.saaremaa-top.ee\/kaali\/kaali-trahter\/\"><img loading=\"lazy\" decoding=\"async\" width=\"750\" height=\"500\" src=\"https:\/\/kaali.saaremaa-top.ee\/kaali\/wp-content\/uploads\/2023\/06\/750x500-kaali-hotell-muuseum-drooniga.jpg\" alt=\"\" class=\"wp-image-371 size-full\" srcset=\"https:\/\/kaali.saaremaa-top.ee\/kaali\/wp-content\/uploads\/2023\/06\/750x500-kaali-hotell-muuseum-drooniga.jpg 750w, https:\/\/kaali.saaremaa-top.ee\/kaali\/wp-content\/uploads\/2023\/06\/750x500-kaali-hotell-muuseum-drooniga-300x200.jpg 300w\" sizes=\"auto, (max-width: 750px) 100vw, 750px\" \/><\/a><\/figure><\/div>\n<\/div>\n","protected":false},"excerpt":{"rendered":"","protected":false},"author":2,"featured_media":0,"parent":0,"menu_order":0,"comment_status":"closed","ping_status":"closed","template":"","meta":{"_themeisle_gutenberg_block_has_review":false,"footnotes":""},"class_list":["post-400","page","type-page","status-publish","hentry"],"_links":{"self":[{"href":"https:\/\/kaali.saaremaa-top.ee\/kaali\/wp-json\/wp\/v2\/pages\/400","targetHints":{"allow":["GET"]}}],"collection":[{"href":"https:\/\/kaali.saaremaa-top.ee\/kaali\/wp-json\/wp\/v2\/pages"}],"about":[{"href":"https:\/\/kaali.saaremaa-top.ee\/kaali\/wp-json\/wp\/v2\/types\/page"}],"author":[{"embeddable":true,"href":"https:\/\/kaali.saaremaa-top.ee\/kaali\/wp-json\/wp\/v2\/users\/2"}],"replies":[{"embeddable":true,"href":"https:\/\/kaali.saaremaa-top.ee\/kaali\/wp-json\/wp\/v2\/comments?post=400"}],"version-history":[{"count":18,"href":"https:\/\/kaali.saaremaa-top.ee\/kaali\/wp-json\/wp\/v2\/pages\/400\/revisions"}],"predecessor-version":[{"id":1006,"href":"https:\/\/kaali.saaremaa-top.ee\/kaali\/wp-json\/wp\/v2\/pages\/400\/revisions\/1006"}],"wp:attachment":[{"href":"https:\/\/kaali.saaremaa-top.ee\/kaali\/wp-json\/wp\/v2\/media?parent=400"}],"curies":[{"name":"wp","href":"https:\/\/api.w.org\/{rel}","templated":true}]}}