{"id":1958,"date":"2025-11-17T18:02:37","date_gmt":"2025-11-17T18:02:37","guid":{"rendered":"https:\/\/kaali.saaremaa-top.ee\/kaali\/?page_id=1958"},"modified":"2025-12-01T03:05:47","modified_gmt":"2025-12-01T03:05:47","slug":"vinksuga-joulumenuu-kaali-trahteris","status":"publish","type":"page","link":"https:\/\/kaali.saaremaa-top.ee\/kaali\/vinksuga-joulumenuu-kaali-trahteris\/","title":{"rendered":"Vinksuga j\u00f5ulumen\u00fc\u00fc KAALI trahteris, Saaremaal"},"content":{"rendered":"\n<div id=\"wp-block-themeisle-blocks-advanced-columns-2c60bc77\" class=\"wp-block-themeisle-blocks-advanced-columns alignfull has-1-columns has-desktop-equal-layout has-tablet-equal-layout has-mobile-collapsedRows-layout has-reverse-columns-mobile has-vertical-center ticss-c00aadba\"><div class=\"wp-block-themeisle-blocks-advanced-columns-overlay\"><\/div><div class=\"innerblocks-wrap\">\n<div id=\"wp-block-themeisle-blocks-advanced-column-75b9263d\" class=\"wp-block-themeisle-blocks-advanced-column\">\n<div class=\"wp-block-columns is-not-stacked-on-mobile has-white-color has-text-color is-layout-flex wp-container-core-columns-is-layout-28f84493 wp-block-columns-is-layout-flex\">\n<div class=\"wp-block-column is-layout-constrained wp-block-column-is-layout-constrained\" style=\"flex-basis:300px\"><div style=\"padding-right:0;padding-left:0;padding-top:0;padding-bottom:0;\" class=\"wp-block-site-logo\"><a href=\"https:\/\/kaali.saaremaa-top.ee\/kaali\/\" class=\"custom-logo-link\" rel=\"home\"><img loading=\"lazy\" decoding=\"async\" width=\"250\" height=\"212\" src=\"https:\/\/kaali.saaremaa-top.ee\/kaali\/wp-content\/uploads\/2023\/09\/KAP-tekstiga-VERT-WHITE-300px.png\" class=\"custom-logo\" alt=\"KAALI\" \/><\/a><\/div><\/div>\n\n\n\n<div class=\"wp-block-column is-vertically-aligned-top has-raft-fg-alt-color has-text-color has-medium-font-size is-layout-flow wp-container-core-column-is-layout-a77db08e wp-block-column-is-layout-flow\" style=\"flex-basis:60%\">\n<div style=\"height:20px\" aria-hidden=\"true\" class=\"wp-block-spacer\"><\/div>\n\n\n<nav class=\"is-responsive items-justified-right wp-block-navigation is-content-justification-right is-layout-flex wp-container-core-navigation-is-layout-d445cf74 wp-block-navigation-is-layout-flex\" aria-label=\"Navigation EST\" \n\t\t data-wp-interactive=\"core\/navigation\" data-wp-context='{\"overlayOpenedBy\":{\"click\":false,\"hover\":false,\"focus\":false},\"type\":\"overlay\",\"roleAttribute\":\"\",\"ariaLabel\":\"Men\\u00fc\\u00fc\"}'><button aria-haspopup=\"dialog\" aria-label=\"Ava men\u00fc\u00fc\" class=\"wp-block-navigation__responsive-container-open\" \n\t\t\t\tdata-wp-on--click=\"actions.openMenuOnClick\"\n\t\t\t\tdata-wp-on--keydown=\"actions.handleMenuKeydown\"\n\t\t\t><svg width=\"24\" height=\"24\" xmlns=\"http:\/\/www.w3.org\/2000\/svg\" viewBox=\"0 0 24 24\"><path d=\"M5 5v1.5h14V5H5z\"><\/path><path d=\"M5 12.8h14v-1.5H5v1.5z\"><\/path><path d=\"M5 19h14v-1.5H5V19z\"><\/path><\/svg><\/button>\n\t\t\t\t<div class=\"wp-block-navigation__responsive-container  has-text-color has-white-color has-background has-custom-color-1-background-color\"  id=\"modal-1\" \n\t\t\t\tdata-wp-class--has-modal-open=\"state.isMenuOpen\"\n\t\t\t\tdata-wp-class--is-menu-open=\"state.isMenuOpen\"\n\t\t\t\tdata-wp-watch=\"callbacks.initMenu\"\n\t\t\t\tdata-wp-on--keydown=\"actions.handleMenuKeydown\"\n\t\t\t\tdata-wp-on--focusout=\"actions.handleMenuFocusout\"\n\t\t\t\ttabindex=\"-1\"\n\t\t\t>\n\t\t\t\t\t<div class=\"wp-block-navigation__responsive-close\" tabindex=\"-1\">\n\t\t\t\t\t\t<div class=\"wp-block-navigation__responsive-dialog\" \n\t\t\t\tdata-wp-bind--aria-modal=\"state.ariaModal\"\n\t\t\t\tdata-wp-bind--aria-label=\"state.ariaLabel\"\n\t\t\t\tdata-wp-bind--role=\"state.roleAttribute\"\n\t\t\t>\n\t\t\t\t\t\t\t<button aria-label=\"Sulge men\u00fc\u00fc\" class=\"wp-block-navigation__responsive-container-close\" \n\t\t\t\tdata-wp-on--click=\"actions.closeMenuOnClick\"\n\t\t\t><svg xmlns=\"http:\/\/www.w3.org\/2000\/svg\" viewBox=\"0 0 24 24\" width=\"24\" height=\"24\" aria-hidden=\"true\" focusable=\"false\"><path d=\"m13.06 12 6.47-6.47-1.06-1.06L12 10.94 5.53 4.47 4.47 5.53 10.94 12l-6.47 6.47 1.06 1.06L12 13.06l6.47 6.47 1.06-1.06L13.06 12Z\"><\/path><\/svg><\/button>\n\t\t\t\t\t\t\t<div class=\"wp-block-navigation__responsive-container-content\" \n\t\t\t\tdata-wp-watch=\"callbacks.focusFirstElement\"\n\t\t\t id=\"modal-1-content\">\n\t\t\t\t\t\t\t\t<ul class=\"wp-block-navigation__container is-responsive items-justified-right wp-block-navigation\"><li class=\"wp-block-navigation-item wp-block-navigation-link wp-container-content-9cfa9a5a\"><a class=\"wp-block-navigation-item__content\"  href=\"https:\/\/kaali.saaremaa-top.ee\/kaali\/kaali-trahter\/\"><span class=\"wp-block-navigation-item__label\">KAALI trahter<\/span><\/a><\/li><li class=\"wp-block-navigation-item wp-block-navigation-link wp-container-content-9cfa9a5a\"><a class=\"wp-block-navigation-item__content\"  href=\"https:\/\/kaali.saaremaa-top.ee\/kaali\/kaali-hotell\/\"><span class=\"wp-block-navigation-item__label\">Hotell<\/span><\/a><\/li><li class=\"wp-block-navigation-item wp-block-navigation-link wp-container-content-9cfa9a5a\"><a class=\"wp-block-navigation-item__content\"  href=\"https:\/\/kaali.saaremaa-top.ee\/kaali\/pulmad\/\"><span class=\"wp-block-navigation-item__label\">Pulmad<\/span><\/a><\/li><li class=\"wp-block-navigation-item wp-block-navigation-link wp-container-content-9cfa9a5a\"><a class=\"wp-block-navigation-item__content\"  href=\"https:\/\/kaali.saaremaa-top.ee\/kaali\/kaali-meteoriidikraater\/\"><span class=\"wp-block-navigation-item__label\">Meteoriitikamuuseum<\/span><\/a><\/li><li class=\"wp-block-navigation-item wp-block-navigation-link wp-container-content-9cfa9a5a\"><a class=\"wp-block-navigation-item__content\"  href=\"https:\/\/kaali.saaremaa-top.ee\/kaali\/meteoriidikraatri-lugu\/\"><span class=\"wp-block-navigation-item__label\">Meist<\/span><\/a><\/li><li class=\"wp-block-navigation-item wp-block-navigation-link wp-container-content-9cfa9a5a\"><a class=\"wp-block-navigation-item__content\"  href=\"https:\/\/kaali.saaremaa-top.ee\/kaali\/kaali-pildigalerii\/\"><span class=\"wp-block-navigation-item__label\">Galerii<\/span><\/a><\/li><\/ul>\n\t\t\t\t\t\t\t<\/div>\n\t\t\t\t\t\t<\/div>\n\t\t\t\t\t<\/div>\n\t\t\t\t<\/div><\/nav><\/div>\n\n\n\n<div class=\"wp-block-column has-white-color has-text-color is-content-justification-right is-layout-constrained wp-container-core-column-is-layout-f1f2ed93 wp-block-column-is-layout-constrained\" style=\"flex-basis:80px\">\n<p class=\"has-text-align-right has-white-color has-text-color has-normal-font-size\" style=\"padding-top:var(--wp--preset--spacing--40);padding-bottom:0\"> <a href=\"https:\/\/kaali.saaremaa-top.ee\/kaali\/en\/\" data-type=\"page\" data-id=\"684\"><strong>EN<\/strong>   <\/a><strong><a href=\"https:\/\/kaali.saaremaa-top.ee\/kaali\/ru\/\">RU<\/a><\/strong><\/p>\n\n\n\n<div id=\"wp-block-themeisle-blocks-font-awesome-icons-246cb88f\" class=\"wp-block-themeisle-blocks-font-awesome-icons\"><span class=\"wp-block-themeisle-blocks-font-awesome-icons-container\"><a href=\"https:\/\/www.facebook.com\/kaalitrahter\" target=\"_blank\" rel=\"noopener noreferrer\"><i class=\"fab fa-facebook\"><\/i><\/a><\/span><\/div>\n<\/div>\n<\/div>\n\n\n\n<div style=\"height:10px\" aria-hidden=\"true\" class=\"wp-block-spacer\"><\/div>\n\n\n\n<h1 id=\"wp-block-themeisle-blocks-advanced-heading-5d5675df\" class=\"wp-block-themeisle-blocks-advanced-heading wp-block-themeisle-blocks-advanced-heading-5d5675df\">V\u00f5ta aega Kaali meteoori kodus Saaremaal<\/h1>\n<\/div>\n<\/div><\/div>\n\n\n\n<div style=\"height:20px\" aria-hidden=\"true\" class=\"wp-block-spacer\"><\/div>\n\n\n<h2 style=\"padding-right:0;padding-left:0;\" class=\"has-text-align-center wp-block-post-title\">Vinksuga j\u00f5ulumen\u00fc\u00fc KAALI trahteris, Saaremaal<\/h2>\n\n\n<div style=\"height:20px\" aria-hidden=\"true\" class=\"wp-block-spacer\"><\/div>\n\n\n\n<div id=\"wp-block-themeisle-blocks-advanced-columns-6e65acfb\" class=\"wp-block-themeisle-blocks-advanced-columns alignfull has-2-columns has-desktop-equal-layout has-tablet-equal-layout has-mobile-collapsedRows-layout has-vertical-top ticss-c00aadba\"><div class=\"wp-block-themeisle-blocks-advanced-columns-overlay\"><\/div><div class=\"innerblocks-wrap\">\n<div id=\"wp-block-themeisle-blocks-advanced-column-f4333eeb\" class=\"wp-block-themeisle-blocks-advanced-column\">\n<h3 class=\"wp-block-heading has-raft-fg-color has-text-color\">Eesti j\u00f5ulumaitsed on tuttavad. Aga mis saab siis, kui s\u00fclt on l\u00e4bipaistev, piparkook kohtub passioniga ja kuusk kolib taldrikule?<\/h3>\n\n\n\n<p><strong>Tule koge meie j\u00f5ulumen\u00fc\u00fcd! Eesti moodi\u2026 aga v\u00e4ikese &#8220;vinksuga&#8221;<\/strong> \ud83c\udf84\ud83c\udf84\ud83c\udf84<\/p>\n\n\n\n<p>Traditsiooniline j\u00f5uluh\u00f5ng k\u00e4sik\u00e4es kaasaegse vaibiga loob unustamatud hetked. Sel talvel toome lauale k\u00f5ik need maitsed, mis tekitavad \u00e4ratundmisr\u00f5\u00f5mu \u2013 s\u00fclt, kapsas, piparkook ja kama, kuid iga\u00fches on v\u00e4ike \u00fcllatus.<br><em>See on austus Eesti k\u00f6\u00f6gile. Aga pilk tulevikku. Tuttav, kuid teisiti<\/em>&#8230; <\/p>\n\n\n\n<p><strong>Vinksuga j\u00f5ulumen\u00fc\u00fcd pakume:<\/strong><br>\ud83e\udd68gruppidele kuni jaanuarini l\u00f5puni<br>\ud83e\udd68perep\u00e4evadel 6. ja 7., 13. ja 14. ning 20. ja 21. detsembril<br><strong>Ette tellimine ja laudade broneerimine<\/strong>: <br>+372 5373 1818,\u00a0<a href=\"mailto:info@kaalitrahter.ee\">info@kaalitrahter.ee<\/a><\/p>\n<\/div>\n\n\n\n<div id=\"wp-block-themeisle-blocks-advanced-column-81e97556\" class=\"wp-block-themeisle-blocks-advanced-column\">\n<figure class=\"wp-block-image size-full\"><img loading=\"lazy\" decoding=\"async\" width=\"750\" height=\"500\" src=\"https:\/\/kaali.saaremaa-top.ee\/kaali\/wp-content\/uploads\/2025\/11\/kaali-drooniga-talv-750.png\" alt=\"Kaali trahter j\u00f5ulumen\u00fc\u00fc\" class=\"wp-image-1989\" srcset=\"https:\/\/kaali.saaremaa-top.ee\/kaali\/wp-content\/uploads\/2025\/11\/kaali-drooniga-talv-750.png 750w, https:\/\/kaali.saaremaa-top.ee\/kaali\/wp-content\/uploads\/2025\/11\/kaali-drooniga-talv-750-300x200.png 300w\" sizes=\"auto, (max-width: 750px) 100vw, 750px\" \/><\/figure>\n<\/div>\n<\/div><\/div>\n\n\n\n<div class=\"wp-block-group alignfull has-custom-color-3-background-color has-background is-layout-constrained wp-block-group-is-layout-constrained\">\n<section id=\"wp-block-themeisle-blocks-advanced-columns-e0e1ab2e\" class=\"wp-block-themeisle-blocks-advanced-columns alignfull has-1-columns has-desktop-equal-layout has-tablet-equal-layout has-mobile-equal-layout has-vertical-flex-start ticss-7b5eb70a\"><div class=\"wp-block-themeisle-blocks-advanced-columns-overlay\"><\/div><div class=\"innerblocks-wrap\">\n<div id=\"wp-block-themeisle-blocks-advanced-column-2489d76c\" class=\"wp-block-themeisle-blocks-advanced-column\">\n<figure class=\"wp-block-image aligncenter size-full is-resized\"><img loading=\"lazy\" decoding=\"async\" width=\"375\" height=\"156\" src=\"https:\/\/kaali.saaremaa-top.ee\/kaali\/wp-content\/uploads\/2023\/11\/kaali-taht.png\" alt=\"\" class=\"wp-image-1555\" style=\"width:250px\" srcset=\"https:\/\/kaali.saaremaa-top.ee\/kaali\/wp-content\/uploads\/2023\/11\/kaali-taht.png 375w, https:\/\/kaali.saaremaa-top.ee\/kaali\/wp-content\/uploads\/2023\/11\/kaali-taht-300x125.png 300w\" sizes=\"auto, (max-width: 375px) 100vw, 375px\" \/><\/figure>\n\n\n\n<h3 class=\"wp-block-heading has-text-align-center\">Kaali trahteri &#8220;v\u00e4ikese VINKSUGA&#8221; j\u00f5ulumen\u00fc\u00fc<\/h3>\n\n\n\n<div id=\"wp-block-themeisle-blocks-icon-list-b9e19857\" class=\"wp-block-themeisle-blocks-icon-list\">\n<div id=\"wp-block-themeisle-blocks-icon-list-item-3d9b5dd7\" class=\"wp-block-themeisle-blocks-icon-list-item\"><i class=\"fas fa-tree wp-block-themeisle-blocks-icon-list-item-icon-custom\"><\/i><p class=\"wp-block-themeisle-blocks-icon-list-item-content\"><strong>Tervituseks<\/strong><\/p><\/div>\n<\/div>\n\n\n\n<p class=\"has-text-align-center\"><strong>Kuusev\u00f5rse &#8220;vinksuga&#8221; h\u00f6\u00f6gvein<\/strong> \u2014<em> 6 \u20ac<\/em><br><strong>Kadaka &#8220;vinksuga&#8221; kakao vahukoorega<\/strong> <br>alkota \u2014 4 \u20ac, alkoga \u2014 7 \u20ac<br><\/p>\n\n\n\n<div id=\"wp-block-themeisle-blocks-icon-list-fb8b7e9c\" class=\"wp-block-themeisle-blocks-icon-list\">\n<div id=\"wp-block-themeisle-blocks-icon-list-item-8216d9b3\" class=\"wp-block-themeisle-blocks-icon-list-item\"><i class=\"fas fa-tree wp-block-themeisle-blocks-icon-list-item-icon-custom\"><\/i><p class=\"wp-block-themeisle-blocks-icon-list-item-content\"><strong>Eelroad<\/strong><\/p><\/div>\n<\/div>\n\n\n\n<p class=\"has-text-align-center\"><strong>S\u00fclt <\/strong>\u2013 p\u00f5rsap\u00f5sk peedi-kadakatarretises, m\u00e4dar\u00f6ika-ahju\u00f5unakreem ning m\u00f5nus kr\u00f5bedik \u2014 <em>7 \u20ac<\/em><br><strong>Suitsukala tartar<\/strong> \u2013 hooajaline suitsukala, munakreem, tilli\u00f5li ja marineeritud kurk Kaali Pagari rukkileival \u2014<em> 9 \u20ac<\/em><br><\/p>\n\n\n\n<div id=\"wp-block-themeisle-blocks-icon-list-b0d1dca7\" class=\"wp-block-themeisle-blocks-icon-list\">\n<div id=\"wp-block-themeisle-blocks-icon-list-item-4e488356\" class=\"wp-block-themeisle-blocks-icon-list-item\"><i class=\"fas fa-tree wp-block-themeisle-blocks-icon-list-item-icon-custom\"><\/i><p class=\"wp-block-themeisle-blocks-icon-list-item-content\"><strong>Pearoad<\/strong><\/p><\/div>\n<\/div>\n\n\n\n<p class=\"has-text-align-center\"><strong>Seak\u00fclg s\u00f5merate kruupidega<\/strong> \u2013 punase kapsa salat r\u00f6stitud kadakamarja vinegreti ja k\u00fc\u00fcslaugu-kartuliga \u2014 <em>13 \u20ac<\/em><br><strong>Forellifilee kuusev\u00f5iga<\/strong> \u2013 punapeet kadaka <em>balsamicoga<\/em>, \u00f5unasiidris k\u00fcpsetatud porgandid, k\u00fcpsekartulid \u2014 <em>18 \u20ac<\/em><br><\/p>\n\n\n\n<div id=\"wp-block-themeisle-blocks-icon-list-a91f07ca\" class=\"wp-block-themeisle-blocks-icon-list\">\n<div id=\"wp-block-themeisle-blocks-icon-list-item-0f4766ab\" class=\"wp-block-themeisle-blocks-icon-list-item\"><i class=\"fas fa-tree wp-block-themeisle-blocks-icon-list-item-icon-custom\"><\/i><p class=\"wp-block-themeisle-blocks-icon-list-item-content\"><strong>Magusaks<\/strong><\/p><\/div>\n<\/div>\n\n\n\n<p class=\"has-text-align-center\">Piparkoogi <em>panna cotta<\/em> \u2013 passionip\u00fcree ja vaarika-geeliga \u2014<em> 7 \u20ac<\/em><br>Kamatiramisu \u2013 kohvibiskviit, toorjuustukreem ja mustas\u00f5stra-p\u00fcree \u2014<em> 7 \u20ac<\/em><\/p>\n\n\n\n<div style=\"height:10px\" aria-hidden=\"true\" class=\"wp-block-spacer\"><\/div>\n\n\n\n<p class=\"has-text-align-center\">\ud83c\udf84<br> J\u00f5uluh\u00f5ng, veidi naeru ja taldrikut\u00e4is midagi t\u00e4iesti oma \u2013 just nii, nagu j\u00f5ulud olema peavad! Olete oodatud!<\/p>\n\n\n\n<p class=\"has-text-align-center\"><strong>Pakkumine kehtib<\/strong> ette tellimisel ja gruppidele alates 20 inimesest.<br>Vinksuga j\u00f5ulumen\u00fc\u00fcd pakume kuni 31. jaanuarini 2026.<\/p>\n\n\n\n<p class=\"has-text-align-center\"><strong>Tellimine: <\/strong>+372 5373 1818, <a href=\"mailto:info@kaalitrahter.ee\">info@kaalitrahter.ee<\/a> <\/p>\n\n\n\n<p class=\"has-text-align-center\"><strong>KAALI trahter <\/strong>asub Saaremaal, Kaali k\u00fcla keskel ja iga\u00fcks, kes maailmakuulsat Kaali meteoriidikraatrit uudistama saabub, pargib otse trahteri ette parklasse. <br><a href=\"https:\/\/maps.app.goo.gl\/hC8L5S6yRwmXMpj97\" target=\"_blank\" rel=\"noreferrer noopener\">Kaali Trahteri asukoht Google Mapsis \u00bb<\/a><\/p>\n\n\n\n<figure class=\"wp-block-gallery has-nested-images columns-default is-cropped wp-block-gallery-2 is-layout-flex wp-block-gallery-is-layout-flex\">\n<figure class=\"wp-block-image size-large\"><img loading=\"lazy\" decoding=\"async\" width=\"124\" height=\"123\" data-id=\"1976\" src=\"https:\/\/kaali.saaremaa-top.ee\/kaali\/wp-content\/uploads\/2025\/11\/kaali-joul-1.jpg\" alt=\"\" class=\"wp-image-1976\"\/><\/figure>\n\n\n\n<figure class=\"wp-block-image size-large\"><img loading=\"lazy\" decoding=\"async\" width=\"124\" height=\"123\" data-id=\"1975\" src=\"https:\/\/kaali.saaremaa-top.ee\/kaali\/wp-content\/uploads\/2025\/11\/kaali-joul-2.jpg\" alt=\"\" class=\"wp-image-1975\"\/><\/figure>\n\n\n\n<figure class=\"wp-block-image size-large\"><img loading=\"lazy\" decoding=\"async\" width=\"123\" height=\"127\" data-id=\"1974\" src=\"https:\/\/kaali.saaremaa-top.ee\/kaali\/wp-content\/uploads\/2025\/11\/kaali-joul-3.jpg\" alt=\"\" class=\"wp-image-1974\"\/><\/figure>\n<\/figure>\n\n\n\n<p><\/p>\n<\/div>\n<\/div><\/section>\n<\/div>\n","protected":false},"excerpt":{"rendered":"","protected":false},"author":2,"featured_media":0,"parent":0,"menu_order":0,"comment_status":"closed","ping_status":"closed","template":"","meta":{"_themeisle_gutenberg_block_has_review":false,"footnotes":""},"class_list":["post-1958","page","type-page","status-publish","hentry"],"_links":{"self":[{"href":"https:\/\/kaali.saaremaa-top.ee\/kaali\/wp-json\/wp\/v2\/pages\/1958","targetHints":{"allow":["GET"]}}],"collection":[{"href":"https:\/\/kaali.saaremaa-top.ee\/kaali\/wp-json\/wp\/v2\/pages"}],"about":[{"href":"https:\/\/kaali.saaremaa-top.ee\/kaali\/wp-json\/wp\/v2\/types\/page"}],"author":[{"embeddable":true,"href":"https:\/\/kaali.saaremaa-top.ee\/kaali\/wp-json\/wp\/v2\/users\/2"}],"replies":[{"embeddable":true,"href":"https:\/\/kaali.saaremaa-top.ee\/kaali\/wp-json\/wp\/v2\/comments?post=1958"}],"version-history":[{"count":13,"href":"https:\/\/kaali.saaremaa-top.ee\/kaali\/wp-json\/wp\/v2\/pages\/1958\/revisions"}],"predecessor-version":[{"id":2043,"href":"https:\/\/kaali.saaremaa-top.ee\/kaali\/wp-json\/wp\/v2\/pages\/1958\/revisions\/2043"}],"wp:attachment":[{"href":"https:\/\/kaali.saaremaa-top.ee\/kaali\/wp-json\/wp\/v2\/media?parent=1958"}],"curies":[{"name":"wp","href":"https:\/\/api.w.org\/{rel}","templated":true}]}}