{"id":185,"date":"2023-05-23T18:21:36","date_gmt":"2023-05-23T18:21:36","guid":{"rendered":"https:\/\/kaali.saaremaa-top.ee\/kaali\/?page_id=185"},"modified":"2025-09-02T14:36:09","modified_gmt":"2025-09-02T14:36:09","slug":"kaali-trahteri-menuu","status":"publish","type":"page","link":"https:\/\/kaali.saaremaa-top.ee\/kaali\/kaali-trahteri-menuu\/","title":{"rendered":"KAALI trahteri suvemen\u00fc\u00fc 2025"},"content":{"rendered":"\n<div id=\"wp-block-themeisle-blocks-advanced-columns-2c60bc77\" class=\"wp-block-themeisle-blocks-advanced-columns alignfull has-1-columns has-desktop-equal-layout has-tablet-equal-layout has-mobile-collapsedRows-layout has-reverse-columns-mobile has-vertical-center ticss-c00aadba\"><div class=\"wp-block-themeisle-blocks-advanced-columns-overlay\"><\/div><div class=\"innerblocks-wrap\">\n<div id=\"wp-block-themeisle-blocks-advanced-column-75b9263d\" class=\"wp-block-themeisle-blocks-advanced-column\">\n<div class=\"wp-block-columns is-not-stacked-on-mobile has-white-color has-text-color is-layout-flex wp-container-core-columns-is-layout-28f84493 wp-block-columns-is-layout-flex\">\n<div class=\"wp-block-column is-layout-constrained wp-block-column-is-layout-constrained\" style=\"flex-basis:300px\"><div style=\"padding-right:0;padding-left:0;padding-top:0;padding-bottom:0;\" class=\"wp-block-site-logo\"><a href=\"https:\/\/kaali.saaremaa-top.ee\/kaali\/\" class=\"custom-logo-link\" rel=\"home\"><img loading=\"lazy\" decoding=\"async\" width=\"250\" height=\"212\" src=\"https:\/\/kaali.saaremaa-top.ee\/kaali\/wp-content\/uploads\/2023\/09\/KAP-tekstiga-VERT-WHITE-300px.png\" class=\"custom-logo\" alt=\"KAALI\" \/><\/a><\/div><\/div>\n\n\n\n<div class=\"wp-block-column is-vertically-aligned-top has-raft-fg-alt-color has-text-color has-medium-font-size is-layout-flow wp-container-core-column-is-layout-a77db08e wp-block-column-is-layout-flow\" style=\"flex-basis:60%\">\n<div style=\"height:20px\" aria-hidden=\"true\" class=\"wp-block-spacer\"><\/div>\n\n\n<nav class=\"is-responsive items-justified-right wp-block-navigation is-content-justification-right is-layout-flex wp-container-core-navigation-is-layout-d445cf74 wp-block-navigation-is-layout-flex\" aria-label=\"Navigation EST\" \n\t\t data-wp-interactive=\"core\/navigation\" data-wp-context='{\"overlayOpenedBy\":{\"click\":false,\"hover\":false,\"focus\":false},\"type\":\"overlay\",\"roleAttribute\":\"\",\"ariaLabel\":\"Men\\u00fc\\u00fc\"}'><button aria-haspopup=\"dialog\" aria-label=\"Ava men\u00fc\u00fc\" class=\"wp-block-navigation__responsive-container-open\" \n\t\t\t\tdata-wp-on--click=\"actions.openMenuOnClick\"\n\t\t\t\tdata-wp-on--keydown=\"actions.handleMenuKeydown\"\n\t\t\t><svg width=\"24\" height=\"24\" xmlns=\"http:\/\/www.w3.org\/2000\/svg\" viewBox=\"0 0 24 24\"><path d=\"M5 5v1.5h14V5H5z\"><\/path><path d=\"M5 12.8h14v-1.5H5v1.5z\"><\/path><path d=\"M5 19h14v-1.5H5V19z\"><\/path><\/svg><\/button>\n\t\t\t\t<div class=\"wp-block-navigation__responsive-container  has-text-color has-white-color has-background has-custom-color-1-background-color\"  id=\"modal-1\" \n\t\t\t\tdata-wp-class--has-modal-open=\"state.isMenuOpen\"\n\t\t\t\tdata-wp-class--is-menu-open=\"state.isMenuOpen\"\n\t\t\t\tdata-wp-watch=\"callbacks.initMenu\"\n\t\t\t\tdata-wp-on--keydown=\"actions.handleMenuKeydown\"\n\t\t\t\tdata-wp-on--focusout=\"actions.handleMenuFocusout\"\n\t\t\t\ttabindex=\"-1\"\n\t\t\t>\n\t\t\t\t\t<div class=\"wp-block-navigation__responsive-close\" tabindex=\"-1\">\n\t\t\t\t\t\t<div class=\"wp-block-navigation__responsive-dialog\" \n\t\t\t\tdata-wp-bind--aria-modal=\"state.ariaModal\"\n\t\t\t\tdata-wp-bind--aria-label=\"state.ariaLabel\"\n\t\t\t\tdata-wp-bind--role=\"state.roleAttribute\"\n\t\t\t>\n\t\t\t\t\t\t\t<button aria-label=\"Sulge men\u00fc\u00fc\" class=\"wp-block-navigation__responsive-container-close\" \n\t\t\t\tdata-wp-on--click=\"actions.closeMenuOnClick\"\n\t\t\t><svg xmlns=\"http:\/\/www.w3.org\/2000\/svg\" viewBox=\"0 0 24 24\" width=\"24\" height=\"24\" aria-hidden=\"true\" focusable=\"false\"><path d=\"m13.06 12 6.47-6.47-1.06-1.06L12 10.94 5.53 4.47 4.47 5.53 10.94 12l-6.47 6.47 1.06 1.06L12 13.06l6.47 6.47 1.06-1.06L13.06 12Z\"><\/path><\/svg><\/button>\n\t\t\t\t\t\t\t<div class=\"wp-block-navigation__responsive-container-content\" \n\t\t\t\tdata-wp-watch=\"callbacks.focusFirstElement\"\n\t\t\t id=\"modal-1-content\">\n\t\t\t\t\t\t\t\t<ul class=\"wp-block-navigation__container is-responsive items-justified-right wp-block-navigation\"><li class=\"wp-block-navigation-item wp-block-navigation-link wp-container-content-9cfa9a5a\"><a class=\"wp-block-navigation-item__content\"  href=\"https:\/\/kaali.saaremaa-top.ee\/kaali\/kaali-trahter\/\"><span class=\"wp-block-navigation-item__label\">KAALI trahter<\/span><\/a><\/li><li class=\"wp-block-navigation-item wp-block-navigation-link wp-container-content-9cfa9a5a\"><a class=\"wp-block-navigation-item__content\"  href=\"https:\/\/kaali.saaremaa-top.ee\/kaali\/kaali-hotell\/\"><span class=\"wp-block-navigation-item__label\">Hotell<\/span><\/a><\/li><li class=\"wp-block-navigation-item wp-block-navigation-link wp-container-content-9cfa9a5a\"><a class=\"wp-block-navigation-item__content\"  href=\"https:\/\/kaali.saaremaa-top.ee\/kaali\/pulmad\/\"><span class=\"wp-block-navigation-item__label\">Pulmad<\/span><\/a><\/li><li class=\"wp-block-navigation-item wp-block-navigation-link wp-container-content-9cfa9a5a\"><a class=\"wp-block-navigation-item__content\"  href=\"https:\/\/kaali.saaremaa-top.ee\/kaali\/kaali-meteoriidikraater\/\"><span class=\"wp-block-navigation-item__label\">Meteoriitikamuuseum<\/span><\/a><\/li><li class=\"wp-block-navigation-item wp-block-navigation-link wp-container-content-9cfa9a5a\"><a class=\"wp-block-navigation-item__content\"  href=\"https:\/\/kaali.saaremaa-top.ee\/kaali\/meteoriidikraatri-lugu\/\"><span class=\"wp-block-navigation-item__label\">Meist<\/span><\/a><\/li><li class=\"wp-block-navigation-item wp-block-navigation-link wp-container-content-9cfa9a5a\"><a class=\"wp-block-navigation-item__content\"  href=\"https:\/\/kaali.saaremaa-top.ee\/kaali\/kaali-pildigalerii\/\"><span class=\"wp-block-navigation-item__label\">Galerii<\/span><\/a><\/li><\/ul>\n\t\t\t\t\t\t\t<\/div>\n\t\t\t\t\t\t<\/div>\n\t\t\t\t\t<\/div>\n\t\t\t\t<\/div><\/nav><\/div>\n\n\n\n<div class=\"wp-block-column has-white-color has-text-color is-content-justification-right is-layout-constrained wp-container-core-column-is-layout-f1f2ed93 wp-block-column-is-layout-constrained\" style=\"flex-basis:80px\">\n<p class=\"has-text-align-right has-white-color has-text-color has-normal-font-size\" style=\"padding-top:var(--wp--preset--spacing--40);padding-bottom:0\"> <a href=\"https:\/\/kaali.saaremaa-top.ee\/kaali\/en\/\" data-type=\"page\" data-id=\"684\"><strong>EN<\/strong>   <\/a><strong><a href=\"https:\/\/kaali.saaremaa-top.ee\/kaali\/ru\/\">RU<\/a><\/strong><\/p>\n\n\n\n<div id=\"wp-block-themeisle-blocks-font-awesome-icons-246cb88f\" class=\"wp-block-themeisle-blocks-font-awesome-icons\"><span class=\"wp-block-themeisle-blocks-font-awesome-icons-container\"><a href=\"https:\/\/www.facebook.com\/kaalitrahter\" target=\"_blank\" rel=\"noopener noreferrer\"><i class=\"fab fa-facebook\"><\/i><\/a><\/span><\/div>\n<\/div>\n<\/div>\n\n\n\n<div style=\"height:10px\" aria-hidden=\"true\" class=\"wp-block-spacer\"><\/div>\n\n\n\n<h1 id=\"wp-block-themeisle-blocks-advanced-heading-5d5675df\" class=\"wp-block-themeisle-blocks-advanced-heading wp-block-themeisle-blocks-advanced-heading-5d5675df\">V\u00f5ta aega Kaali meteoori kodus Saaremaal<\/h1>\n<\/div>\n<\/div><\/div>\n\n\n\n<div style=\"height:20px\" aria-hidden=\"true\" class=\"wp-block-spacer\"><\/div>\n\n\n<h2 style=\"padding-right:0;padding-left:0;\" class=\"has-text-align-center wp-block-post-title\">KAALI trahteri suvemen\u00fc\u00fc 2025<\/h2>\n\n\n<p><strong>Alates septembrist on Kaali trahter avatud vaid ette tellimisel!<br><\/strong>Suur ait\u00e4h k\u00f5igile k\u00fclalistele, kes meid sel suvel k\u00fclastasid \u2013 oli r\u00f5\u00f5m pakkuda teile ehedaid Saaremaa maitseid ja jagada koos kaunist suve.<\/p>\n\n\n\n<p>Kui soovite tulla t\u00e4histama\u00a0<a href=\"https:\/\/kaali.saaremaa-top.ee\/kaali\/kaali-tellimisvorm\/\"><strong>perekondlikke t\u00e4htp\u00e4evi<\/strong><\/a>\u00a0v\u00f5i tellida suuremale\u00a0<a href=\"https:\/\/kaali.saaremaa-top.ee\/kaali\/grupitellimus\/\"><strong>r\u00fchmale grupitoitlustus<\/strong><\/a>, siis v\u00f5tame teid meelsasti vastu ka s\u00fcgisel ja talvel!<\/p>\n\n\n\n<p>Andke meile varakult teada ja korraldame k\u00f5ik nii, et teie s\u00fcndmus oleks meeldej\u00e4\u00e4v ja maitsev. <strong><a href=\"https:\/\/kaali.saaremaa-top.ee\/kaali\/kaali-tellimisvorm\/\">K\u00fcsige pakkumist<\/a>!<\/strong><\/p>\n\n\n\n<p class=\"has-link-color wp-elements-d68e95599a368b38cdb4eaba6dfcf7a3\"><a href=\"https:\/\/maps.app.goo.gl\/hC8L5S6yRwmXMpj97\" target=\"_blank\" rel=\"noreferrer noopener\"><strong>Kaali Trahteri asukoht Google Mapsis \u00bb<\/strong><\/a><\/p>\n\n\n\n<div style=\"height:40px\" aria-hidden=\"true\" class=\"wp-block-spacer\"><\/div>\n\n\n\n<div class=\"wp-block-group alignfull is-layout-constrained wp-container-core-group-is-layout-97829e9f wp-block-group-is-layout-constrained\" style=\"padding-right:var(--wp--preset--spacing--40);padding-left:var(--wp--preset--spacing--40)\">\n<h3 class=\"wp-block-heading has-text-align-center\">KAALI trahteri suvemen\u00fc\u00fc 2025<\/h3>\n\n\n\n<div id=\"wp-block-themeisle-blocks-advanced-columns-b4146d26\" class=\"wp-block-themeisle-blocks-advanced-columns alignfull has-2-columns has-desktop-equal-layout has-tablet-equal-layout has-mobile-collapsedRows-layout has-vertical-center ticss-c00aadba\"><div class=\"wp-block-themeisle-blocks-advanced-columns-overlay\"><\/div><div class=\"innerblocks-wrap\">\n<div id=\"wp-block-themeisle-blocks-advanced-column-18fe4a0a\" class=\"wp-block-themeisle-blocks-advanced-column\">\n<h3 id=\"wp-block-themeisle-blocks-advanced-heading-788243ec\" class=\"wp-block-themeisle-blocks-advanced-heading wp-block-themeisle-blocks-advanced-heading-788243ec\">Alustamiseks <\/h3>\n\n\n\n<p><strong>Saaremaiste juustude valik <\/strong>15 \u20ac<br>Old Saare 6 kuud ja 3 kuud, Kadaka juust, aprikoosimoos, s\u00f5stra sinep<\/p>\n\n\n\n<p><strong>Kr\u00f5bedad k\u00fc\u00fcslauguleivad kastmega <\/strong>7 \u20ac<\/p>\n\n\n\n<p><strong>Kuldsed juustupallid kastmega<\/strong> 8 \u20ac<\/p>\n\n\n\n<h3 id=\"wp-block-themeisle-blocks-advanced-heading-26076952\" class=\"wp-block-themeisle-blocks-advanced-heading wp-block-themeisle-blocks-advanced-heading-26076952\">Salatid <\/h3>\n\n\n\n<p><strong>Caesar kanaga <\/strong>8 \u20ac<strong><br>Caesar soolal\u00f5hega <\/strong>12 \u20ac<\/p>\n\n\n\n<h3 id=\"wp-block-themeisle-blocks-advanced-heading-22eb9568\" class=\"wp-block-themeisle-blocks-advanced-heading wp-block-themeisle-blocks-advanced-heading-22eb9568\">Supid <\/h3>\n\n\n\n<p><strong>Seljanka <\/strong>6 \u20ac<strong><br>Selge kalasupp <\/strong>7 \u20ac<\/p>\n<\/div>\n\n\n\n<div id=\"wp-block-themeisle-blocks-advanced-column-1e5bbbbc\" class=\"wp-block-themeisle-blocks-advanced-column\">\n<h3 id=\"wp-block-themeisle-blocks-advanced-heading-a638aa64\" class=\"wp-block-themeisle-blocks-advanced-heading wp-block-themeisle-blocks-advanced-heading-a638aa64\">Laste k\u00f5hut\u00e4ied<\/h3>\n\n\n\n<p><strong>Lastepasta <\/strong>7 \u20ac<br>makaronid, kana, koor, juust, tomat<\/p>\n\n\n\n<p><strong>Vallatud viinerid<\/strong> 7 \u20ac<br>friikartulid, viinerid, ket\u0161up, kurk, tomat<\/p>\n\n\n\n<p><strong>J\u00e4\u00e4tisevalik<\/strong> 5 \u20ac<br>k\u00fcsi valikut teenindajalt!<\/p>\n\n\n\n<h3 id=\"wp-block-themeisle-blocks-advanced-heading-cc001761\" class=\"wp-block-themeisle-blocks-advanced-heading wp-block-themeisle-blocks-advanced-heading-cc001761\">Magus<\/h3>\n\n\n\n<p><strong>Trahteri h\u00f5rgutis<\/strong> 6 \u20ac<br>jogurt, k\u00fcpsised, kirsid, \u0161okolaad<\/p>\n\n\n\n<p><strong>Pannkook maasikamoosiga<\/strong> 6 \u20ac<\/p>\n\n\n\n<p><strong>Kaali VANAKE<\/strong> 8 \u20ac<br>j\u00e4\u00e4tis, r\u00f6stitud p\u00e4hkel, k\u00fcpsised ja Vana Tallinna lik\u00f6\u00f6r<\/p>\n<\/div>\n<\/div><\/div>\n\n\n\n<div id=\"wp-block-themeisle-blocks-advanced-columns-fc213ef5\" class=\"wp-block-themeisle-blocks-advanced-columns alignfull has-2-columns has-desktop-equal-layout has-tablet-equal-layout has-mobile-collapsedRows-layout has-vertical-center ticss-c00aadba\"><div class=\"wp-block-themeisle-blocks-advanced-columns-overlay\"><\/div><div class=\"innerblocks-wrap\">\n<div id=\"wp-block-themeisle-blocks-advanced-column-e5bcd58a\" class=\"wp-block-themeisle-blocks-advanced-column\">\n<h3 id=\"wp-block-themeisle-blocks-advanced-heading-13988689\" class=\"wp-block-themeisle-blocks-advanced-heading wp-block-themeisle-blocks-advanced-heading-13988689\">Toekad k\u00f5hut\u00e4ied<\/h3>\n\n\n\n<p><strong>Peremehe k\u00f5hut\u00e4is <\/strong>13 \u20ac<strong><br><\/strong>\u00fclepraetud sealiha, praemuna, k\u00fcpsekartul, sibul, marineeritud kurk, k\u00fclmkaste<\/p>\n\n\n\n<p><strong>Ahjul\u00f5he <\/strong>17 \u20ac<br>kartul, salat ja k\u00fclmkaste<\/p>\n\n\n\n<p><strong>Kana\u0161nitsel 13 \u20ac<\/strong><br>kartul, salat ja k\u00fclmkaste<\/p>\n\n\n\n<p><strong>Veiseliha pada <\/strong>14 \u20ac<br>k\u00fcpsekartul<\/p>\n\n\n\n<p><strong>Heeringas marineeritud sibulaga<\/strong> 8 \u20ac<br>kartul ja hapukoor<\/p>\n<\/div>\n\n\n\n<div id=\"wp-block-themeisle-blocks-advanced-column-8d4c2653\" class=\"wp-block-themeisle-blocks-advanced-column\">\n<h3 id=\"wp-block-themeisle-blocks-advanced-heading-252cb3b0\" class=\"wp-block-themeisle-blocks-advanced-heading wp-block-themeisle-blocks-advanced-heading-252cb3b0\">Kena toobit\u00e4is kodu\u00f5lut ja suitsukala<\/h3>\n\n\n\n<p class=\"has-text-align-center\"><em>Mis saaks veel parem olla&#8230;<\/em><\/p>\n\n\n\n<p><strong>Suitsuangerjas <\/strong>12 \u20ac<br><strong>Marineeritud angerjas<\/strong> 10 \u20ac<br><strong>Suitsulest <\/strong>8 \u20ac<br>Kalale lisandiks kartul, salat ja k\u00fclm koorekaste<\/p>\n\n\n\n<h3 id=\"wp-block-themeisle-blocks-advanced-heading-fedfd8c3\" class=\"wp-block-themeisle-blocks-advanced-heading wp-block-themeisle-blocks-advanced-heading-fedfd8c3\">See p\u00e4ris ehtne saaremaine kodu\u00f5lu<\/h3>\n\n\n\n<p><strong>Kodu\u00f5lu 7,6%<\/strong><br><strong>0,33 <strong>liitrit<\/strong><\/strong> 4 \u20ac<br><strong>0,5 liitrit<\/strong> 5 \u20ac<br><strong>1 liiter<\/strong> 9 \u20ac<\/p>\n<\/div>\n<\/div><\/div>\n\n\n\n<div id=\"wp-block-themeisle-blocks-advanced-columns-8a2aaf5a\" class=\"wp-block-themeisle-blocks-advanced-columns alignfull has-1-columns has-desktop-equal-layout has-tablet-equal-layout has-mobile-collapsedRows-layout has-vertical-center ticss-c00aadba\"><div class=\"wp-block-themeisle-blocks-advanced-columns-overlay\"><\/div><div class=\"innerblocks-wrap\">\n<div id=\"wp-block-themeisle-blocks-advanced-column-c72ceb7a\" class=\"wp-block-themeisle-blocks-advanced-column\">\n<p>Palume teenindajat informeerida, kui teil on toidutalumatus v\u00f5i allergia &#8211; laktoosi- v\u00f5i gluteenitalumatus vms.<\/p>\n\n\n\n<p>Kui soovite lauda ette broneerida, siis palun helistage tel 372 5373 1818.<\/p>\n<\/div>\n<\/div><\/div>\n<\/div>\n\n\n\n<div style=\"height:40px\" aria-hidden=\"true\" class=\"wp-block-spacer\"><\/div>\n\n\n\n<div style=\"height:20px\" aria-hidden=\"true\" class=\"wp-block-spacer\"><\/div>\n\n\n\n<div class=\"wp-block-group alignfull is-layout-constrained wp-block-group-is-layout-constrained\">\n<div id=\"wp-block-themeisle-blocks-advanced-columns-55b78b58\" class=\"wp-block-themeisle-blocks-advanced-columns alignfull has-1-columns has-desktop-equal-layout has-tablet-equal-layout has-mobile-collapsedRows-layout has-vertical-center ticss-c00aadba has-light-bg\"><div class=\"wp-block-themeisle-blocks-advanced-columns-overlay\"><\/div><div class=\"innerblocks-wrap\">\n<div id=\"wp-block-themeisle-blocks-advanced-column-07b3d357\" class=\"wp-block-themeisle-blocks-advanced-column\">\n<h3 id=\"wp-block-themeisle-blocks-advanced-heading-c1dd424b\" class=\"wp-block-themeisle-blocks-advanced-heading wp-block-themeisle-blocks-advanced-heading-c1dd424b\">Eripakkumised gruppidele<\/h3>\n\n\n\n<p id=\"wp-block-themeisle-blocks-advanced-heading-fc57ea1a\" class=\"wp-block-themeisle-blocks-advanced-heading wp-block-themeisle-blocks-advanced-heading-fc57ea1a\">KAALI trahter on populaarne peatuspaik ka suuremate seltskondade ja reisi- ning \u00f5pilasgruppide l\u00f5una- ja \u00f5htus\u00f6\u00f6kideks. Pakume erimen\u00fc\u00fcsid gruppidele alates 20 inimesest nii \u00e4ri- kui era\u00fcritusteks. Et saaksime teid lahkelt v\u00f5\u00f5rustada, palume gruppide broneeringud aegsasti ette tellida.<\/p>\n<\/div>\n<\/div><\/div>\n\n\n\n<div id=\"wp-block-themeisle-blocks-advanced-columns-7b33fcfc\" class=\"wp-block-themeisle-blocks-advanced-columns alignfull has-3-columns has-desktop-equal-layout has-tablet-equal-layout has-mobile-collapsedRows-layout has-vertical-center ticss-c00aadba has-light-bg\"><div class=\"wp-block-themeisle-blocks-advanced-columns-overlay\"><\/div><div class=\"innerblocks-wrap\">\n<div id=\"wp-block-themeisle-blocks-advanced-column-ad0dbfe8\" class=\"wp-block-themeisle-blocks-advanced-column\">\n<figure class=\"wp-block-image aligncenter size-full\"><a href=\"https:\/\/kaali.saaremaa-top.ee\/kaali\/kaali-tellimisvorm\/\"><img loading=\"lazy\" decoding=\"async\" width=\"750\" height=\"500\" src=\"https:\/\/kaali.saaremaa-top.ee\/kaali\/wp-content\/uploads\/2023\/12\/kaali-suur-saal-ylevalt_750.jpg\" alt=\"Kaali trahter suur saal\" class=\"wp-image-1570\" srcset=\"https:\/\/kaali.saaremaa-top.ee\/kaali\/wp-content\/uploads\/2023\/12\/kaali-suur-saal-ylevalt_750.jpg 750w, https:\/\/kaali.saaremaa-top.ee\/kaali\/wp-content\/uploads\/2023\/12\/kaali-suur-saal-ylevalt_750-300x200.jpg 300w\" sizes=\"auto, (max-width: 750px) 100vw, 750px\" \/><\/a><\/figure>\n\n\n\n<h4 id=\"wp-block-themeisle-blocks-advanced-heading-c30141c8\" class=\"wp-block-themeisle-blocks-advanced-heading wp-block-themeisle-blocks-advanced-heading-c30141c8\"><a href=\"https:\/\/kaali.saaremaa-top.ee\/kaali\/kaali-tellimisvorm\/\">\u00c4ri- ja era\u00fcritused<\/a><\/h4>\n\n\n\n<p><a href=\"https:\/\/kaali.saaremaa-top.ee\/kaali\/kaali-tellimisvorm\/\">Seminarid, koosolekud, peod jm &#8211; trahteris on erineva suurusega saalid ja ruumid kuni 120-le k\u00fclastajale. Rikkalikud grupimen\u00fc\u00fcd ja pidulikud peolauad.<\/a><\/p>\n\n\n\n<div class=\"wp-block-buttons is-content-justification-center is-layout-flex wp-container-core-buttons-is-layout-a89b3969 wp-block-buttons-is-layout-flex\">\n<div class=\"wp-block-button is-style-primary\"><a class=\"wp-block-button__link has-custom-color-1-background-color has-background wp-element-button\" href=\"https:\/\/kaali.saaremaa-top.ee\/kaali\/kaali-tellimisvorm\/\">\u00c4ri- ja era\u00fcrituste tellimine \u00bb<\/a><\/div>\n<\/div>\n<\/div>\n\n\n\n<div id=\"wp-block-themeisle-blocks-advanced-column-665db3d6\" class=\"wp-block-themeisle-blocks-advanced-column\">\n<figure class=\"wp-block-image aligncenter size-full\"><a href=\"https:\/\/kaali.saaremaa-top.ee\/kaali\/grupitellimus\/\"><img loading=\"lazy\" decoding=\"async\" width=\"563\" height=\"375\" src=\"https:\/\/kaali.saaremaa-top.ee\/kaali\/wp-content\/uploads\/2023\/12\/trahter-grupitoitlustus.jpg\" alt=\"Kaali trahter\" class=\"wp-image-1596\" srcset=\"https:\/\/kaali.saaremaa-top.ee\/kaali\/wp-content\/uploads\/2023\/12\/trahter-grupitoitlustus.jpg 563w, https:\/\/kaali.saaremaa-top.ee\/kaali\/wp-content\/uploads\/2023\/12\/trahter-grupitoitlustus-300x200.jpg 300w\" sizes=\"auto, (max-width: 563px) 100vw, 563px\" \/><\/a><\/figure>\n\n\n\n<h4 id=\"wp-block-themeisle-blocks-advanced-heading-4a7b708a\" class=\"wp-block-themeisle-blocks-advanced-heading wp-block-themeisle-blocks-advanced-heading-4a7b708a\"><a href=\"https:\/\/kaali.saaremaa-top.ee\/kaali\/grupitellimus\/\">Ekskursioonigruppide toitlustus<\/a><\/h4>\n\n\n\n<p class=\"has-text-align-center\"><a href=\"https:\/\/kaali.saaremaa-top.ee\/kaali\/grupitellimus\/\">&nbsp;Oleme populaarne peatuspaik Saaremaad k\u00fclastavatele gruppidele. Oodatud on nii ekskursioonigrupid kui \u00f5pilasreisid! <\/a><\/p>\n\n\n\n<div class=\"wp-block-buttons is-content-justification-center is-layout-flex wp-container-core-buttons-is-layout-a89b3969 wp-block-buttons-is-layout-flex\">\n<div class=\"wp-block-button is-style-primary\"><a class=\"wp-block-button__link has-custom-color-1-background-color has-background wp-element-button\" href=\"https:\/\/kaali.saaremaa-top.ee\/kaali\/grupitellimus\/\">Ekskursioonigruppide tellimus \u00bb<\/a><\/div>\n<\/div>\n<\/div>\n\n\n\n<div id=\"wp-block-themeisle-blocks-advanced-column-2700594b\" class=\"wp-block-themeisle-blocks-advanced-column\">\n<figure class=\"wp-block-image aligncenter size-full\"><a href=\"https:\/\/kaali.saaremaa-top.ee\/kaali\/trahter-peielaua-tellimine\/\"><img loading=\"lazy\" decoding=\"async\" width=\"450\" height=\"300\" src=\"https:\/\/kaali.saaremaa-top.ee\/kaali\/wp-content\/uploads\/2023\/05\/kaali-450x300-3.jpg\" alt=\"Kaali trahter\" class=\"wp-image-238\" srcset=\"https:\/\/kaali.saaremaa-top.ee\/kaali\/wp-content\/uploads\/2023\/05\/kaali-450x300-3.jpg 450w, https:\/\/kaali.saaremaa-top.ee\/kaali\/wp-content\/uploads\/2023\/05\/kaali-450x300-3-300x200.jpg 300w\" sizes=\"auto, (max-width: 450px) 100vw, 450px\" \/><\/a><\/figure>\n\n\n\n<h4 id=\"wp-block-themeisle-blocks-advanced-heading-c31d8716\" class=\"wp-block-themeisle-blocks-advanced-heading wp-block-themeisle-blocks-advanced-heading-c31d8716\"><a href=\"https:\/\/kaali.saaremaa-top.ee\/kaali\/trahter-peielaua-tellimine\/\">Peielauad<\/a><\/h4>\n\n\n\n<p id=\"wp-block-themeisle-blocks-advanced-heading-d43bb4eb\" class=\"wp-block-themeisle-blocks-advanced-heading wp-block-themeisle-blocks-advanced-heading-d43bb4eb\"><a href=\"https:\/\/kaali.saaremaa-top.ee\/kaali\/trahter-peielaua-tellimine\/\">Katame peielaua trahteri k\u00f5rtsusaali, r\u00f5dusaali v\u00f5i samassaali s\u00f5ltuvalt inimeste arvust. Soe toit, k\u00fclmad suupisted, joogivalik.<\/a><\/p>\n\n\n\n<div class=\"wp-block-buttons is-content-justification-center is-layout-flex wp-container-core-buttons-is-layout-a89b3969 wp-block-buttons-is-layout-flex\">\n<div class=\"wp-block-button is-style-primary\"><a class=\"wp-block-button__link has-custom-color-1-background-color has-background wp-element-button\" href=\"https:\/\/kaali.saaremaa-top.ee\/kaali\/trahter-peielaua-tellimine\/\">Peielaua tellimus \u00bb<\/a><\/div>\n<\/div>\n<\/div>\n<\/div><\/div>\n<\/div>\n\n\n\n<div style=\"height:40px\" aria-hidden=\"true\" class=\"wp-block-spacer\"><\/div>\n","protected":false},"excerpt":{"rendered":"<p>Alates septembrist on Kaali trahter avatud vaid ette tellimisel!Suur ait\u00e4h k\u00f5igile k\u00fclalistele, kes meid sel suvel k\u00fclastasid \u2013 oli r\u00f5\u00f5m pakkuda teile ehedaid Saaremaa maitseid ja jagada koos kaunist suve. Kui soovite tulla t\u00e4histama\u00a0perekondlikke t\u00e4htp\u00e4evi\u00a0v\u00f5i tellida suuremale\u00a0r\u00fchmale grupitoitlustus, siis v\u00f5tame teid meelsasti vastu ka s\u00fcgisel ja talvel! Andke meile varakult teada ja korraldame k\u00f5ik nii, [&hellip;]<\/p>\n","protected":false},"author":2,"featured_media":0,"parent":0,"menu_order":0,"comment_status":"closed","ping_status":"closed","template":"","meta":{"_themeisle_gutenberg_block_has_review":false,"footnotes":""},"class_list":["post-185","page","type-page","status-publish","hentry"],"_links":{"self":[{"href":"https:\/\/kaali.saaremaa-top.ee\/kaali\/wp-json\/wp\/v2\/pages\/185","targetHints":{"allow":["GET"]}}],"collection":[{"href":"https:\/\/kaali.saaremaa-top.ee\/kaali\/wp-json\/wp\/v2\/pages"}],"about":[{"href":"https:\/\/kaali.saaremaa-top.ee\/kaali\/wp-json\/wp\/v2\/types\/page"}],"author":[{"embeddable":true,"href":"https:\/\/kaali.saaremaa-top.ee\/kaali\/wp-json\/wp\/v2\/users\/2"}],"replies":[{"embeddable":true,"href":"https:\/\/kaali.saaremaa-top.ee\/kaali\/wp-json\/wp\/v2\/comments?post=185"}],"version-history":[{"count":63,"href":"https:\/\/kaali.saaremaa-top.ee\/kaali\/wp-json\/wp\/v2\/pages\/185\/revisions"}],"predecessor-version":[{"id":1915,"href":"https:\/\/kaali.saaremaa-top.ee\/kaali\/wp-json\/wp\/v2\/pages\/185\/revisions\/1915"}],"wp:attachment":[{"href":"https:\/\/kaali.saaremaa-top.ee\/kaali\/wp-json\/wp\/v2\/media?parent=185"}],"curies":[{"name":"wp","href":"https:\/\/api.w.org\/{rel}","templated":true}]}}