{"id":10,"date":"2023-06-06T05:27:11","date_gmt":"2023-06-06T05:27:11","guid":{"rendered":"https:\/\/kaali.saaremaa-top.ee\/kaali\/?page_id=10"},"modified":"2023-12-09T09:18:52","modified_gmt":"2023-12-09T09:18:52","slug":"meteoriidikraatri-lugu","status":"publish","type":"page","link":"https:\/\/kaali.saaremaa-top.ee\/kaali\/meteoriidikraatri-lugu\/","title":{"rendered":"Kaali lugu"},"content":{"rendered":"\n<div id=\"wp-block-themeisle-blocks-advanced-columns-2c60bc77\" class=\"wp-block-themeisle-blocks-advanced-columns alignfull has-1-columns has-desktop-equal-layout has-tablet-equal-layout has-mobile-collapsedRows-layout has-reverse-columns-mobile has-vertical-center ticss-c00aadba\"><div class=\"wp-block-themeisle-blocks-advanced-columns-overlay\"><\/div><div class=\"innerblocks-wrap\">\n<div id=\"wp-block-themeisle-blocks-advanced-column-75b9263d\" class=\"wp-block-themeisle-blocks-advanced-column\">\n<div class=\"wp-block-columns is-not-stacked-on-mobile has-white-color has-text-color is-layout-flex wp-container-core-columns-is-layout-28f84493 wp-block-columns-is-layout-flex\">\n<div class=\"wp-block-column is-layout-constrained wp-block-column-is-layout-constrained\" style=\"flex-basis:300px\"><div style=\"padding-right:0;padding-left:0;padding-top:0;padding-bottom:0;\" class=\"wp-block-site-logo\"><a href=\"https:\/\/kaali.saaremaa-top.ee\/kaali\/\" class=\"custom-logo-link\" rel=\"home\"><img loading=\"lazy\" decoding=\"async\" width=\"250\" height=\"212\" src=\"https:\/\/kaali.saaremaa-top.ee\/kaali\/wp-content\/uploads\/2023\/09\/KAP-tekstiga-VERT-WHITE-300px.png\" class=\"custom-logo\" alt=\"KAALI\" \/><\/a><\/div><\/div>\n\n\n\n<div class=\"wp-block-column is-vertically-aligned-top has-raft-fg-alt-color has-text-color has-medium-font-size is-layout-flow wp-container-core-column-is-layout-a77db08e wp-block-column-is-layout-flow\" style=\"flex-basis:60%\">\n<div style=\"height:20px\" aria-hidden=\"true\" class=\"wp-block-spacer\"><\/div>\n\n\n<nav class=\"is-responsive items-justified-right wp-block-navigation is-content-justification-right is-layout-flex wp-container-core-navigation-is-layout-d445cf74 wp-block-navigation-is-layout-flex\" aria-label=\"Navigation EST\" \n\t\t data-wp-interactive=\"core\/navigation\" data-wp-context='{\"overlayOpenedBy\":{\"click\":false,\"hover\":false,\"focus\":false},\"type\":\"overlay\",\"roleAttribute\":\"\",\"ariaLabel\":\"Men\\u00fc\\u00fc\"}'><button aria-haspopup=\"dialog\" aria-label=\"Ava men\u00fc\u00fc\" class=\"wp-block-navigation__responsive-container-open\" \n\t\t\t\tdata-wp-on--click=\"actions.openMenuOnClick\"\n\t\t\t\tdata-wp-on--keydown=\"actions.handleMenuKeydown\"\n\t\t\t><svg width=\"24\" height=\"24\" xmlns=\"http:\/\/www.w3.org\/2000\/svg\" viewBox=\"0 0 24 24\"><path d=\"M5 5v1.5h14V5H5z\"><\/path><path d=\"M5 12.8h14v-1.5H5v1.5z\"><\/path><path d=\"M5 19h14v-1.5H5V19z\"><\/path><\/svg><\/button>\n\t\t\t\t<div class=\"wp-block-navigation__responsive-container  has-text-color has-white-color has-background has-custom-color-1-background-color\"  id=\"modal-1\" \n\t\t\t\tdata-wp-class--has-modal-open=\"state.isMenuOpen\"\n\t\t\t\tdata-wp-class--is-menu-open=\"state.isMenuOpen\"\n\t\t\t\tdata-wp-watch=\"callbacks.initMenu\"\n\t\t\t\tdata-wp-on--keydown=\"actions.handleMenuKeydown\"\n\t\t\t\tdata-wp-on--focusout=\"actions.handleMenuFocusout\"\n\t\t\t\ttabindex=\"-1\"\n\t\t\t>\n\t\t\t\t\t<div class=\"wp-block-navigation__responsive-close\" tabindex=\"-1\">\n\t\t\t\t\t\t<div class=\"wp-block-navigation__responsive-dialog\" \n\t\t\t\tdata-wp-bind--aria-modal=\"state.ariaModal\"\n\t\t\t\tdata-wp-bind--aria-label=\"state.ariaLabel\"\n\t\t\t\tdata-wp-bind--role=\"state.roleAttribute\"\n\t\t\t>\n\t\t\t\t\t\t\t<button aria-label=\"Sulge men\u00fc\u00fc\" class=\"wp-block-navigation__responsive-container-close\" \n\t\t\t\tdata-wp-on--click=\"actions.closeMenuOnClick\"\n\t\t\t><svg xmlns=\"http:\/\/www.w3.org\/2000\/svg\" viewBox=\"0 0 24 24\" width=\"24\" height=\"24\" aria-hidden=\"true\" focusable=\"false\"><path d=\"m13.06 12 6.47-6.47-1.06-1.06L12 10.94 5.53 4.47 4.47 5.53 10.94 12l-6.47 6.47 1.06 1.06L12 13.06l6.47 6.47 1.06-1.06L13.06 12Z\"><\/path><\/svg><\/button>\n\t\t\t\t\t\t\t<div class=\"wp-block-navigation__responsive-container-content\" \n\t\t\t\tdata-wp-watch=\"callbacks.focusFirstElement\"\n\t\t\t id=\"modal-1-content\">\n\t\t\t\t\t\t\t\t<ul class=\"wp-block-navigation__container is-responsive items-justified-right wp-block-navigation\"><li class=\"wp-block-navigation-item wp-block-navigation-link wp-container-content-9cfa9a5a\"><a class=\"wp-block-navigation-item__content\"  href=\"https:\/\/kaali.saaremaa-top.ee\/kaali\/kaali-trahter\/\"><span class=\"wp-block-navigation-item__label\">KAALI trahter<\/span><\/a><\/li><li class=\"wp-block-navigation-item wp-block-navigation-link wp-container-content-9cfa9a5a\"><a class=\"wp-block-navigation-item__content\"  href=\"https:\/\/kaali.saaremaa-top.ee\/kaali\/kaali-hotell\/\"><span class=\"wp-block-navigation-item__label\">Hotell<\/span><\/a><\/li><li class=\"wp-block-navigation-item wp-block-navigation-link wp-container-content-9cfa9a5a\"><a class=\"wp-block-navigation-item__content\"  href=\"https:\/\/kaali.saaremaa-top.ee\/kaali\/pulmad\/\"><span class=\"wp-block-navigation-item__label\">Pulmad<\/span><\/a><\/li><li class=\"wp-block-navigation-item wp-block-navigation-link wp-container-content-9cfa9a5a\"><a class=\"wp-block-navigation-item__content\"  href=\"https:\/\/kaali.saaremaa-top.ee\/kaali\/kaali-meteoriidikraater\/\"><span class=\"wp-block-navigation-item__label\">Meteoriitikamuuseum<\/span><\/a><\/li><li class=\"wp-block-navigation-item wp-block-navigation-link wp-container-content-9cfa9a5a\"><a class=\"wp-block-navigation-item__content\"  href=\"https:\/\/kaali.saaremaa-top.ee\/kaali\/meteoriidikraatri-lugu\/\"><span class=\"wp-block-navigation-item__label\">Meist<\/span><\/a><\/li><li class=\"wp-block-navigation-item wp-block-navigation-link wp-container-content-9cfa9a5a\"><a class=\"wp-block-navigation-item__content\"  href=\"https:\/\/kaali.saaremaa-top.ee\/kaali\/kaali-pildigalerii\/\"><span class=\"wp-block-navigation-item__label\">Galerii<\/span><\/a><\/li><\/ul>\n\t\t\t\t\t\t\t<\/div>\n\t\t\t\t\t\t<\/div>\n\t\t\t\t\t<\/div>\n\t\t\t\t<\/div><\/nav><\/div>\n\n\n\n<div class=\"wp-block-column has-white-color has-text-color is-content-justification-right is-layout-constrained wp-container-core-column-is-layout-f1f2ed93 wp-block-column-is-layout-constrained\" style=\"flex-basis:80px\">\n<p class=\"has-text-align-right has-white-color has-text-color has-normal-font-size\" style=\"padding-top:var(--wp--preset--spacing--40);padding-bottom:0\"> <a href=\"https:\/\/kaali.saaremaa-top.ee\/kaali\/en\/\" data-type=\"page\" data-id=\"684\"><strong>EN<\/strong>   <\/a><strong><a href=\"https:\/\/kaali.saaremaa-top.ee\/kaali\/ru\/\">RU<\/a><\/strong><\/p>\n\n\n\n<div id=\"wp-block-themeisle-blocks-font-awesome-icons-246cb88f\" class=\"wp-block-themeisle-blocks-font-awesome-icons\"><span class=\"wp-block-themeisle-blocks-font-awesome-icons-container\"><a href=\"https:\/\/www.facebook.com\/kaalitrahter\" target=\"_blank\" rel=\"noopener noreferrer\"><i class=\"fab fa-facebook\"><\/i><\/a><\/span><\/div>\n<\/div>\n<\/div>\n\n\n\n<div style=\"height:10px\" aria-hidden=\"true\" class=\"wp-block-spacer\"><\/div>\n\n\n\n<h1 id=\"wp-block-themeisle-blocks-advanced-heading-5d5675df\" class=\"wp-block-themeisle-blocks-advanced-heading wp-block-themeisle-blocks-advanced-heading-5d5675df\">V\u00f5ta aega Kaali meteoori kodus Saaremaal<\/h1>\n<\/div>\n<\/div><\/div>\n\n\n\n<div style=\"height:20px\" aria-hidden=\"true\" class=\"wp-block-spacer\"><\/div>\n\n\n<h2 style=\"padding-right:0;padding-left:0;\" class=\"has-text-align-center wp-block-post-title\">Kaali lugu<\/h2>\n\n\n<div id=\"wp-block-themeisle-blocks-advanced-columns-6e65acfb\" class=\"wp-block-themeisle-blocks-advanced-columns alignfull has-2-columns has-desktop-equal-layout has-tablet-equal-layout has-mobile-collapsedRows-layout has-vertical-top ticss-c00aadba\"><div class=\"wp-block-themeisle-blocks-advanced-columns-overlay\"><\/div><div class=\"innerblocks-wrap\">\n<div id=\"wp-block-themeisle-blocks-advanced-column-f4333eeb\" class=\"wp-block-themeisle-blocks-advanced-column\">\n<h2 id=\"wp-block-themeisle-blocks-advanced-heading-360f5b02\" class=\"wp-block-themeisle-blocks-advanced-heading wp-block-themeisle-blocks-advanced-heading-360f5b02\"><a href=\"https:\/\/kaali.saaremaa-top.ee\/kaali\/kaali-meteoriidikraatri-ajalugu\/\">Kaali meteoriidikraater<\/a><\/h2>\n\n\n\n<p>Kas teadsid, et esimesed teaduslikult t\u00f5estatud meteoriidikraatrid Euroopas asuvad Eestis? Siin on meteoriidikraatreid pindala\u00fchiku kohta u 400 korda rohkem kui Maal keskmiselt. Saaremaal on Eesti suurim loodusharuldus, Kaali kraater, mille meteoriitne p\u00e4ritolu t\u00f5estati esimesena Euroopas ja teisena maailmas, USA-s asuvate Arizona kraatrite j\u00e4rel. Ja et tegelikult on Kaalis lausa 9 meteoriidikraatrit?<\/p>\n\n\n\n<div class=\"wp-block-buttons is-layout-flex wp-block-buttons-is-layout-flex\">\n<div class=\"wp-block-button is-style-primary\"><a class=\"wp-block-button__link has-custom-color-1-background-color has-background wp-element-button\" href=\"https:\/\/kaali.saaremaa-top.ee\/kaali\/kaali-meteoriidikraatri-ajalugu\/\">Loe l\u00e4hemalt<\/a><\/div>\n<\/div>\n<\/div>\n\n\n\n<div id=\"wp-block-themeisle-blocks-advanced-column-78ae8ec1\" class=\"wp-block-themeisle-blocks-advanced-column\">\n<figure class=\"wp-block-image size-full\"><a href=\"https:\/\/kaali.saaremaa-top.ee\/kaali\/kaali-meteoriidikraatri-ajalugu\/\"><img loading=\"lazy\" decoding=\"async\" width=\"450\" height=\"450\" src=\"https:\/\/kaali.saaremaa-top.ee\/kaali\/wp-content\/uploads\/2023\/04\/Kaali-Meteorite-Crater_Evolumina-450px.jpg\" alt=\"\" class=\"wp-image-12\" srcset=\"https:\/\/kaali.saaremaa-top.ee\/kaali\/wp-content\/uploads\/2023\/04\/Kaali-Meteorite-Crater_Evolumina-450px.jpg 450w, https:\/\/kaali.saaremaa-top.ee\/kaali\/wp-content\/uploads\/2023\/04\/Kaali-Meteorite-Crater_Evolumina-450px-300x300.jpg 300w, https:\/\/kaali.saaremaa-top.ee\/kaali\/wp-content\/uploads\/2023\/04\/Kaali-Meteorite-Crater_Evolumina-450px-150x150.jpg 150w\" sizes=\"auto, (max-width: 450px) 100vw, 450px\" \/><\/a><\/figure>\n<\/div>\n<\/div><\/div>\n\n\n\n<div id=\"wp-block-themeisle-blocks-advanced-columns-35825447\" class=\"wp-block-themeisle-blocks-advanced-columns alignfull has-2-columns has-desktop-equal-layout has-tablet-equal-layout has-mobile-collapsedRows-layout has-vertical-center ticss-c00aadba has-light-bg\"><div class=\"wp-block-themeisle-blocks-advanced-columns-overlay\"><\/div><div class=\"innerblocks-wrap\">\n<div id=\"wp-block-themeisle-blocks-advanced-column-fedc9d47\" class=\"wp-block-themeisle-blocks-advanced-column\">\n<figure class=\"wp-block-image size-large\"><img loading=\"lazy\" decoding=\"async\" width=\"768\" height=\"1024\" src=\"https:\/\/kaali.saaremaa-top.ee\/kaali\/wp-content\/uploads\/2023\/06\/peremees-768x1024.jpg\" alt=\"\" class=\"wp-image-512\" srcset=\"https:\/\/kaali.saaremaa-top.ee\/kaali\/wp-content\/uploads\/2023\/06\/peremees-768x1024.jpg 768w, https:\/\/kaali.saaremaa-top.ee\/kaali\/wp-content\/uploads\/2023\/06\/peremees-225x300.jpg 225w, https:\/\/kaali.saaremaa-top.ee\/kaali\/wp-content\/uploads\/2023\/06\/peremees-1152x1536.jpg 1152w, https:\/\/kaali.saaremaa-top.ee\/kaali\/wp-content\/uploads\/2023\/06\/peremees.jpg 1536w\" sizes=\"auto, (max-width: 768px) 100vw, 768px\" \/><\/figure>\n<\/div>\n\n\n\n<div id=\"wp-block-themeisle-blocks-advanced-column-ed1b12ac\" class=\"wp-block-themeisle-blocks-advanced-column\">\n<h2 id=\"wp-block-themeisle-blocks-advanced-heading-8f3ca166\" class=\"wp-block-themeisle-blocks-advanced-heading wp-block-themeisle-blocks-advanced-heading-8f3ca166\">KAALI pere<\/h2>\n\n\n\n<p>KAALI peremees Alver Sagur toimetab siin alates trahteri avamise ajast aastal 1999. Ammusel m\u00f5isa ajal oli trahteri hoone Kaali m\u00f5isniku viljakuivati, n\u00f5ukogude ajal asus siin aga meierei. K\u00f5rvalhoone oli vilja-ait. Ajaloolistest hoonetest on ainsana s\u00e4ilinud praeguse trahteri (endise viljakuivati ja n\u00f5ukogude ajal meierei) teepoolne otsesein. Ka viljaaidast on osa originaalseina s\u00e4ilinud. 2018 aastal ehitati kahe ajaloolise hoone vahele \u00fchine peoruum, mis on tuntud kui KAALI sammassaal ning kus n\u00fc\u00fcd peetakse ametlikke vastuv\u00f5tte, peetakse pulmi ja muid t\u00e4htp\u00e4evi.<\/p>\n\n\n\n<p>Kaali muuseumihoone avati 2005 ning on ehitatud traditsioonilisi ehitusv\u00f5tteid kasutades. Nii sise- kui ka v\u00e4lisseinad on laotud k\u00e4sitsi tahutud paekivist, laed on puidust ja katused kivist.<\/p>\n\n\n\n<p>2006. aastal v\u00f5ttis peremees k\u00e4sile ka p\u00f5hjaliku kraatri puhastamise. Kraatri kaldad said v\u00f5sast puhtaks ja kraatri p\u00f5hjast veeti v\u00e4lja aastak\u00fcmnetega sinna kogunenud pr\u00fcgi. Kraatri n\u00f5lvale ehitati vaateplatvorm ja alla l\u00e4heb n\u00fc\u00fcd dolomiidist trepp.<\/p>\n\n\n\n<p>Viimastel aastak\u00fcmnetel on Kaali trahter olnud sage peatuspaik Saaremaad k\u00fclastavatele t\u00e4htsatele riigitegelastele \u00fcle kogu maailma &#8211; nii kroonimata kui kroonitud peadele. Siit on l\u00e4bi astunud nii Taani kuninganna, Poola president kui ka Eesti Vabariigi ja naaberriikide presidendid ja peaministrid. Viimastel aastatel on siin toimunud ka mitmed Balti riikide ja P\u00f5hjamaade ministrite kohtumised.<\/p>\n\n\n\n<p><strong>Hoolime ja hoiame<\/strong> <\/p>\n\n\n\n<p>Kohaliku elu hoidmine ja keskkonnast hoolimine on Kaali pererahva jaoks oluline. Kaali trahteri kokad kasutavad v\u00f5imalikult palju kohalikku toorainet &#8211; kartul, jahu, liha, k\u00f6\u00f6giviljad-juurikad, maitseroheline, kodu\u00f5lu ja palju muud. Leib ja pirukad tulevad aga igap\u00e4evaselt Kaali trahteri pagari ahjust.<\/p>\n\n\n\n<p>Siin toimub iga-aastaselt ka koost\u00f6\u00f6s kohaliku kogukonnaga advenditule s\u00fc\u00fctamine.<\/p>\n\n\n\n<p>Iga aasta 29. m\u00e4rtsil, Lennart Meri s\u00fcnnip\u00e4eval s\u00fc\u00fcdatakse Kaali kraatri serval l\u00f5ke, millega t\u00e4histatakse meteoriidi teekonda ehk lennukaart Pandivere k\u00f5rgustikult Ebavere m\u00e4elt \u00fcle M\u00e4rjamaa Saaremaale ja millega samaaegselt oli s\u00fcndinud eestlaste jumal Tharapita. Saaremaa suurim saladus ongi see, et just Kaali meteoriit t\u00f5i Tharapita saarele&#8230;<\/p>\n\n\n\n<p>T\u00e4nap\u00e4eval on Kaali trahter tuntud ja hinnatud koht ka kohalike rahvatantsijate ja pillimeeste seas ning neid on v\u00f5imalik ka kutsuda ka \u00f5htus\u00f6\u00f6kidele esinema. <\/p>\n\n\n\n<p>Tutvu Kaali jooksvate tegevustega Facebookis: <a rel=\"noreferrer noopener\" href=\"https:\/\/www.facebook.com\/kaalitrahter\" target=\"_blank\"><span style=\"text-decoration: underline;\">facebook.com\/kaalitrahter<\/span> <\/a><\/p>\n\n\n\n<div style=\"height:10px\" aria-hidden=\"true\" class=\"wp-block-spacer\"><\/div>\n<\/div>\n<\/div><\/div>\n\n\n\n<div style=\"height:20px\" aria-hidden=\"true\" class=\"wp-block-spacer\"><\/div>\n\n\n\n<h2 class=\"wp-block-heading has-raft-fg-color has-text-color\">Kaali galerii<\/h2>\n\n\n\n<div style=\"height:20px\" aria-hidden=\"true\" class=\"wp-block-spacer\"><\/div>\n\n\n\n<div id=\"wp-block-themeisle-blocks-slider-c2fec9d2\" class=\"wp-block-themeisle-blocks-slider glide\" data-per-view=\"1\" data-gap=\"0\" data-peek=\"0\" data-autoplay=\"true\" data-height=\"\" data-hide-arrows=\"false\"><div class=\"glide__track\" data-glide-el=\"track\"><div class=\"glide__slides\"><div class=\"wp-block-themeisle-blocks-slider-item-wrapper glide__slide\" tabindex=\"0\"><figure><img decoding=\"async\" class=\"wp-block-themeisle-blocks-slider-item\" src=\"https:\/\/kaali.saaremaa-top.ee\/kaali\/wp-content\/uploads\/2023\/06\/750x500px_kaali-kraater-8.jpg\" alt=\"\" title=\"\" data-id=\"411\"\/><\/figure><\/div><div class=\"wp-block-themeisle-blocks-slider-item-wrapper glide__slide\" tabindex=\"0\"><figure><img decoding=\"async\" class=\"wp-block-themeisle-blocks-slider-item\" src=\"https:\/\/kaali.saaremaa-top.ee\/kaali\/wp-content\/uploads\/2023\/10\/kaali-hotell-7.jpg\" alt=\"\" title=\"\" data-id=\"1364\"\/><\/figure><\/div><div class=\"wp-block-themeisle-blocks-slider-item-wrapper glide__slide\" tabindex=\"0\"><figure><img decoding=\"async\" class=\"wp-block-themeisle-blocks-slider-item\" src=\"https:\/\/kaali.saaremaa-top.ee\/kaali\/wp-content\/uploads\/2023\/06\/750x500px_kaali-kraater-5.jpg\" alt=\"Kaali meteoriidikraater\" title=\"Kaali meteoriidikraater\" data-id=\"408\"\/><figcaption>Muinastulede \u00f6\u00f6 KAALI meteoriidikraatris<\/figcaption><\/figure><\/div><div class=\"wp-block-themeisle-blocks-slider-item-wrapper glide__slide\" tabindex=\"0\"><figure><img decoding=\"async\" class=\"wp-block-themeisle-blocks-slider-item\" src=\"https:\/\/kaali.saaremaa-top.ee\/kaali\/wp-content\/uploads\/2023\/06\/750x500px_kaali-kraater-2.jpg\" alt=\"Kaali meteoriidiv\u00e4li\" title=\"Kaali meteoriidiv\u00e4li\" data-id=\"406\"\/><figcaption>Kaalis on kokku 9 meteoriidikraatrit<\/figcaption><\/figure><\/div><div class=\"wp-block-themeisle-blocks-slider-item-wrapper glide__slide\" tabindex=\"0\"><figure><img decoding=\"async\" class=\"wp-block-themeisle-blocks-slider-item\" src=\"https:\/\/kaali.saaremaa-top.ee\/kaali\/wp-content\/uploads\/2023\/06\/750x500px_kaali-kraater-3.jpg\" alt=\"Kaali meteoriidikraater\" title=\"Kaali meteoriidikraater\" data-id=\"407\"\/><figcaption>Ametlikud vastuv\u00f5tud Kaali meteoriidikraatri serval<\/figcaption><\/figure><\/div><div class=\"wp-block-themeisle-blocks-slider-item-wrapper glide__slide\" tabindex=\"0\"><figure><img decoding=\"async\" class=\"wp-block-themeisle-blocks-slider-item\" src=\"https:\/\/kaali.saaremaa-top.ee\/kaali\/wp-content\/uploads\/2023\/09\/kaali-pulm-lennart-meri-1.jpg\" alt=\"Kaali meteoriidikraater\" title=\"Kaali meteoriidikraater\" data-id=\"1196\"\/><figcaption>Lennart Meri s\u00fcnnip\u00e4eva t\u00e4histamine Kaali meteroiidikraatri serval<\/figcaption><\/figure><\/div><div class=\"wp-block-themeisle-blocks-slider-item-wrapper glide__slide\" tabindex=\"0\"><figure><img decoding=\"async\" class=\"wp-block-themeisle-blocks-slider-item\" src=\"https:\/\/kaali.saaremaa-top.ee\/kaali\/wp-content\/uploads\/2023\/06\/750x500px_Kaali-muuseum-2.jpg\" alt=\"Kaali meteoriidikraater\" title=\"Kaali meteoriidikraater\" data-id=\"398\"\/><figcaption>96 kg kaaluv meteoriidit\u00fckk Sihhote-Alinilt Kaug-Idast<\/figcaption><\/figure><\/div><div class=\"wp-block-themeisle-blocks-slider-item-wrapper glide__slide\" tabindex=\"0\"><figure><img decoding=\"async\" class=\"wp-block-themeisle-blocks-slider-item\" src=\"https:\/\/kaali.saaremaa-top.ee\/kaali\/wp-content\/uploads\/2023\/10\/kaali-kraater-3.jpg\" alt=\"\" title=\"\" data-id=\"1373\"\/><\/figure><\/div><div class=\"wp-block-themeisle-blocks-slider-item-wrapper glide__slide\" tabindex=\"0\"><figure><img decoding=\"async\" class=\"wp-block-themeisle-blocks-slider-item\" src=\"https:\/\/kaali.saaremaa-top.ee\/kaali\/wp-content\/uploads\/2023\/10\/kaali-kraater-trepiga.jpg\" alt=\"\" title=\"\" data-id=\"1377\"\/><\/figure><\/div><div class=\"wp-block-themeisle-blocks-slider-item-wrapper glide__slide\" tabindex=\"0\"><figure><img decoding=\"async\" class=\"wp-block-themeisle-blocks-slider-item\" src=\"https:\/\/kaali.saaremaa-top.ee\/kaali\/wp-content\/uploads\/2023\/10\/kaali-kraater-2.jpg\" alt=\"\" title=\"\" data-id=\"1376\"\/><\/figure><\/div><div class=\"wp-block-themeisle-blocks-slider-item-wrapper glide__slide\" tabindex=\"0\"><figure><img decoding=\"async\" class=\"wp-block-themeisle-blocks-slider-item\" src=\"https:\/\/kaali.saaremaa-top.ee\/kaali\/wp-content\/uploads\/2023\/10\/kaali-muuseum-3.jpg\" alt=\"\" title=\"\" data-id=\"1348\"\/><\/figure><\/div><div class=\"wp-block-themeisle-blocks-slider-item-wrapper glide__slide\" tabindex=\"0\"><figure><img decoding=\"async\" class=\"wp-block-themeisle-blocks-slider-item\" src=\"https:\/\/kaali.saaremaa-top.ee\/kaali\/wp-content\/uploads\/2023\/10\/kaali-trahter.jpg\" alt=\"\" title=\"\" data-id=\"1356\"\/><\/figure><\/div><div class=\"wp-block-themeisle-blocks-slider-item-wrapper glide__slide\" tabindex=\"0\"><figure><img decoding=\"async\" class=\"wp-block-themeisle-blocks-slider-item\" src=\"https:\/\/kaali.saaremaa-top.ee\/kaali\/wp-content\/uploads\/2023\/10\/kaali-muuseum-hotell-maja2-750x500-1.jpg\" alt=\"\" title=\"\" data-id=\"1344\"\/><\/figure><\/div><\/div><\/div><\/div>\n\n\n\n<div style=\"height:40px\" aria-hidden=\"true\" class=\"wp-block-spacer\"><\/div>\n","protected":false},"excerpt":{"rendered":"","protected":false},"author":2,"featured_media":0,"parent":0,"menu_order":0,"comment_status":"closed","ping_status":"closed","template":"","meta":{"_themeisle_gutenberg_block_has_review":false,"footnotes":""},"class_list":["post-10","page","type-page","status-publish","hentry"],"_links":{"self":[{"href":"https:\/\/kaali.saaremaa-top.ee\/kaali\/wp-json\/wp\/v2\/pages\/10","targetHints":{"allow":["GET"]}}],"collection":[{"href":"https:\/\/kaali.saaremaa-top.ee\/kaali\/wp-json\/wp\/v2\/pages"}],"about":[{"href":"https:\/\/kaali.saaremaa-top.ee\/kaali\/wp-json\/wp\/v2\/types\/page"}],"author":[{"embeddable":true,"href":"https:\/\/kaali.saaremaa-top.ee\/kaali\/wp-json\/wp\/v2\/users\/2"}],"replies":[{"embeddable":true,"href":"https:\/\/kaali.saaremaa-top.ee\/kaali\/wp-json\/wp\/v2\/comments?post=10"}],"version-history":[{"count":37,"href":"https:\/\/kaali.saaremaa-top.ee\/kaali\/wp-json\/wp\/v2\/pages\/10\/revisions"}],"predecessor-version":[{"id":1562,"href":"https:\/\/kaali.saaremaa-top.ee\/kaali\/wp-json\/wp\/v2\/pages\/10\/revisions\/1562"}],"wp:attachment":[{"href":"https:\/\/kaali.saaremaa-top.ee\/kaali\/wp-json\/wp\/v2\/media?parent=10"}],"curies":[{"name":"wp","href":"https:\/\/api.w.org\/{rel}","templated":true}]}}